{"id":30731,"date":"2025-08-25T09:05:46","date_gmt":"2025-08-25T07:05:46","guid":{"rendered":"https:\/\/www.umweltbox.com\/?page_id=30731"},"modified":"2025-08-25T09:15:57","modified_gmt":"2025-08-25T07:15:57","slug":"sammelboxen-neu","status":"publish","type":"page","link":"https:\/\/www.umweltbox.com\/de\/sammelboxen-neu\/","title":{"rendered":"Sammelboxen-neu"},"content":{"rendered":"<div class=\"wpb-content-wrapper\"><p>[vc_row][vc_column][vc_column_text][\/vc_column_text][\/vc_column][\/vc_row][vc_row][vc_column][vc_custom_heading text=&#8220;Sammelboxenbestellung&#8220; use_theme_fonts=&#8220;yes&#8220; el_class=&#8220;title-h1&#8243; css=&#8220;.vc_custom_1620034168988{margin-bottom: 0px !important;}&#8220;][\/vc_column][\/vc_row][vc_row][vc_column][vc_column_text]Wir freuen uns, dass Sie sich daf\u00fcr entschieden haben Ihr Druckerleergut zu sammeln und so einen wichtigen Beitrag im Kampf gegen Rohstoffverschwendung und f\u00fcr den Umweltschutz zu leisten.<\/p>\n<p>Gerne stellen wir Ihnen kostenfrei unsere verschiedenen Sammelboxen zur Verf\u00fcgung! Von der Sammelbox \u201edie Unauff\u00e4llige\u201c bis hin zur Palettenbox \u201eUmweltheld\u201c \u2013 Sie haben die Wahl. Gerne k\u00f6nnen Sie aber auch eigene Boxen zum Sammeln verwenden. Wenn Sie uns die gef\u00fcllten Boxen zur\u00fccksenden, k\u00f6nnen Sie dies bequem und einfach \u00fcber unser <a href=\"https:\/\/www.umweltbox.com\/de\/abholung\/#abholformular\/\">Abholformular<\/a> machen. Bitte beachten Sie auch unbedingt unseren <a href=\"https:\/\/www.umweltbox.com\/wp-content\/uploads\/2023\/04\/DE_Sammelleitfaden.pdf\" target=\"_blank\" rel=\"noopener noreferrer\">Sammelleitfaden<\/a>, wenn Sie uns die gef\u00fcllten Sammelboxen zur\u00fcck senden.[\/vc_column_text][vc_column_text]Schauen Sie sich unten die \u00dcbersicht unserer Sammelboxenvarianten an und bestellen Sie diese telefonisch unter <a href=\"tel:004325222010021\">+43 25 22 \/ 20 100 21<\/a> .<\/p>\n<p>Sie sind noch kein aktiver Sammelpartner? Registrieren Sie sich schnell und einfach \u00fcber unser Formular <a href=\"https:\/\/www.umweltbox.com\/sammelpartner-werden\/\">Sammelpartner werden<\/a>.[\/vc_column_text][\/vc_column][\/vc_row][vc_row][vc_column][vc_empty_space height=&#8220;50px&#8220;][\/vc_column][\/vc_row][vc_row][vc_column][vc_custom_heading text=&#8220;Sammelboxenvarianten&#8220; font_container=&#8220;tag:p|text_align:left&#8220; use_theme_fonts=&#8220;yes&#8220; el_class=&#8220;title-h4&#8243;][\/vc_column][\/vc_row][vc_row][vc_column width=&#8220;1\/2&#8243;][vc_empty_space height=&#8220;50px&#8220;][vc_single_image image=&#8220;30232&#8243; img_size=&#8220;full&#8220; style=&#8220;vc_box_outline&#8220;][vc_column_text]<strong>Sammelbox &#8222;Die Unauff\u00e4llige&#8220;<\/strong><\/p>\n<ul>\n<li>h\u00e4lt sich gerne im Hintergrund<\/li>\n<li>geeignet f\u00fcr Druckerpatronen &amp; Toner<\/li>\n<li>H\u00f6he 60cm x Breite 40cm x Tiefe 40cm<\/li>\n<li>individueller A3 Aufkleber<\/li>\n<\/ul>\n<p>[\/vc_column_text]<style type=\"text\/css\">.thegem-button-69e20c4917d40860 .gem-button svg {fill: #ffffff;}.thegem-button-69e20c4917d40860 .gem-button:hover svg {fill: #ffffff;}<\/style><div class=\"gem-button-container gem-button-position-fullwidth thegem-button-69e20c4917d40860    \"  ><a title=\"Kontakt\" class=\"gem-button gem-button-size-medium gem-button-style-flat gem-button-text-weight-normal\" data-ll-effect=\"drop-right-without-wrap\" style=\"border-radius: 3px;background-color: #95bc1d;color: #ffffff;\" onmouseleave=\"this.style.backgroundColor='#95bc1d';this.style.color='#ffffff';\" onmouseenter=\"this.style.backgroundColor='#638906';this.style.color='#ffffff';\" href=\"https:\/\/www.umweltbox.com\/kontakt\/\" target=\"_self\">Jetzt telefonisch bestellen<\/a><\/div> [\/vc_column][vc_column width=&#8220;1\/2&#8243;][vc_empty_space height=&#8220;50px&#8220;][vc_single_image image=&#8220;30261&#8243; img_size=&#8220;full&#8220; style=&#8220;vc_box_outline&#8220;][vc_column_text]<strong>Sammelbox &#8222;Sammeleifer&#8220; <\/strong><\/p>\n<ul>\n<li>f\u00fcr sichtbares Sammelvergn\u00fcgen<\/li>\n<li><span class=\"S1PPyQ\">je 2 Schachtel mit Einwurfl\u00f6chern f\u00fcr Druckerpatronen<\/span><\/li>\n<li>die ausgetauscht werden k\u00f6nnen<\/li>\n<li>H\u00f6he 44cm x Breite 42cm x Tiefe 32cm<\/li>\n<\/ul>\n<p>[\/vc_column_text]<style type=\"text\/css\">.thegem-button-69e20c4917d808306 .gem-button svg {fill: #ffffff;}.thegem-button-69e20c4917d808306 .gem-button:hover svg {fill: #ffffff;}<\/style><div class=\"gem-button-container gem-button-position-fullwidth thegem-button-69e20c4917d808306    \"  ><a title=\"Kontakt\" class=\"gem-button gem-button-size-medium gem-button-style-flat gem-button-text-weight-normal\" data-ll-effect=\"drop-right-without-wrap\" style=\"border-radius: 3px;background-color: #95bc1d;color: #ffffff;\" onmouseleave=\"this.style.backgroundColor='#95bc1d';this.style.color='#ffffff';\" onmouseenter=\"this.style.backgroundColor='#638906';this.style.color='#ffffff';\" href=\"https:\/\/www.umweltbox.com\/kontakt\/\" target=\"_self\">Jetzt telefonisch bestellen<\/a><\/div> [\/vc_column][\/vc_row][vc_row][vc_column width=&#8220;1\/2&#8243;][vc_empty_space height=&#8220;50px&#8220;][vc_single_image image=&#8220;30233&#8243; img_size=&#8220;full&#8220; style=&#8220;vc_box_outline&#8220;][vc_column_text]<strong>Palettenbox &#8222;Umweltheld&#8220;<\/strong><\/p>\n<ul>\n<li>f\u00fcr Helden, die gerne im Hintergrund agieren<\/li>\n<li>geeignet f\u00fcr Druckerpatronen &amp; Toner<\/li>\n<li>H\u00f6he 120cm x Breite 90cm x Tiefe 80cm<\/li>\n<\/ul>\n<p>[\/vc_column_text]<style type=\"text\/css\">.thegem-button-69e20c4917dbe918 .gem-button svg {fill: #ffffff;}.thegem-button-69e20c4917dbe918 .gem-button:hover svg {fill: #ffffff;}<\/style><div class=\"gem-button-container gem-button-position-fullwidth thegem-button-69e20c4917dbe918    \"  ><a title=\"Kontakt\" class=\"gem-button gem-button-size-medium gem-button-style-flat gem-button-text-weight-normal\" data-ll-effect=\"drop-right-without-wrap\" style=\"border-radius: 3px;background-color: #95bc1d;color: #ffffff;\" onmouseleave=\"this.style.backgroundColor='#95bc1d';this.style.color='#ffffff';\" onmouseenter=\"this.style.backgroundColor='#638906';this.style.color='#ffffff';\" href=\"https:\/\/www.umweltbox.com\/kontakt\/\" target=\"_self\">Jetzt telefonisch bestellen<\/a><\/div> [\/vc_column][\/vc_row][vc_row][vc_column][vc_column_text][\/vc_column_text][\/vc_column][\/vc_row]<\/p>\n<\/div>","protected":false},"excerpt":{"rendered":"<p>[vc_row][vc_column][vc_column_text][\/vc_column_text][\/vc_column][\/vc_row][vc_row][vc_column][vc_custom_heading text=&#8220;Sammelboxenbestellung&#8220; use_theme_fonts=&#8220;yes&#8220; el_class=&#8220;title-h1&#8243; css=&#8220;.vc_custom_1620034168988{margin-bottom: 0px !important;}&#8220;][\/vc_column][\/vc_row][vc_row][vc_column][vc_column_text]Wir freuen uns, dass Sie sich daf\u00fcr entschieden haben Ihr Druckerleergut zu sammeln und&#8230;<\/p>\n","protected":false},"author":1,"featured_media":0,"parent":0,"menu_order":0,"comment_status":"closed","ping_status":"closed","template":"","meta":{"footnotes":""},"class_list":["post-30731","page","type-page","status-publish"],"yoast_head":"<!-- This site is optimized with the Yoast SEO plugin v26.7 - https:\/\/yoast.com\/wordpress\/plugins\/seo\/ -->\n<title>Sammelbox gratis bestellen &amp; Umweltschutz f\u00f6rdern<\/title>\n<meta name=\"description\" content=\"Bestellen Sie Ihre gratis Sammelbox f\u00fcr Druckerleergut und f\u00f6rdern Sie somit den Umweltschutz und sch\u00fctzen Sie wichtige Rohstoffe.\" \/>\n<meta name=\"robots\" content=\"index, follow, max-snippet:-1, max-image-preview:large, max-video-preview:-1\" \/>\n<link rel=\"canonical\" href=\"https:\/\/www.umweltbox.com\/de\/sammelboxen-neu\/\" \/>\n<meta property=\"og:locale\" content=\"de_DE\" \/>\n<meta property=\"og:type\" content=\"article\" \/>\n<meta property=\"og:title\" content=\"Sammelbox gratis bestellen &amp; Umweltschutz f\u00f6rdern\" \/>\n<meta property=\"og:description\" content=\"Bestellen Sie Ihre gratis Sammelbox f\u00fcr Druckerleergut und f\u00f6rdern Sie somit den Umweltschutz und sch\u00fctzen Sie wichtige Rohstoffe.\" \/>\n<meta property=\"og:url\" content=\"https:\/\/www.umweltbox.com\/de\/sammelboxen-neu\/\" \/>\n<meta property=\"og:site_name\" content=\"Umweltbox\" \/>\n<meta property=\"article:publisher\" content=\"https:\/\/www.facebook.com\/umweltbox.de\/\" \/>\n<meta property=\"article:modified_time\" content=\"2025-08-25T07:15:57+00:00\" \/>\n<meta name=\"twitter:card\" content=\"summary_large_image\" \/>\n<meta name=\"twitter:label1\" content=\"Gesch\u00e4tzte Lesezeit\" \/>\n\t<meta name=\"twitter:data1\" content=\"3\u00a0Minuten\" \/>\n<script type=\"application\/ld+json\" class=\"yoast-schema-graph\">{\"@context\":\"https:\/\/schema.org\",\"@graph\":[{\"@type\":\"WebPage\",\"@id\":\"https:\/\/www.umweltbox.com\/de\/sammelboxen-neu\/\",\"url\":\"https:\/\/www.umweltbox.com\/de\/sammelboxen-neu\/\",\"name\":\"Sammelbox gratis bestellen & Umweltschutz f\u00f6rdern\",\"isPartOf\":{\"@id\":\"https:\/\/www.umweltbox.com\/de\/#website\"},\"datePublished\":\"2025-08-25T07:05:46+00:00\",\"dateModified\":\"2025-08-25T07:15:57+00:00\",\"description\":\"Bestellen Sie Ihre gratis Sammelbox f\u00fcr Druckerleergut und f\u00f6rdern Sie somit den Umweltschutz und sch\u00fctzen Sie wichtige Rohstoffe.\",\"breadcrumb\":{\"@id\":\"https:\/\/www.umweltbox.com\/de\/sammelboxen-neu\/#breadcrumb\"},\"inLanguage\":\"de\",\"potentialAction\":[{\"@type\":\"ReadAction\",\"target\":[[\"https:\/\/www.umweltbox.com\/de\/sammelboxen-neu\/\"]]}]},{\"@type\":\"BreadcrumbList\",\"@id\":\"https:\/\/www.umweltbox.com\/de\/sammelboxen-neu\/#breadcrumb\",\"itemListElement\":[{\"@type\":\"ListItem\",\"position\":1,\"name\":\"Startseite\",\"item\":\"https:\/\/www.umweltbox.com\/de\/\"},{\"@type\":\"ListItem\",\"position\":2,\"name\":\"Sammelboxen-neu\"}]},{\"@type\":\"WebSite\",\"@id\":\"https:\/\/www.umweltbox.com\/de\/#website\",\"url\":\"https:\/\/www.umweltbox.com\/de\/\",\"name\":\"Umweltbox\",\"description\":\"Druckerpatronen sammeln, recyclen und die Umwelt entlasten\",\"publisher\":{\"@id\":\"https:\/\/www.umweltbox.com\/de\/#organization\"},\"potentialAction\":[{\"@type\":\"SearchAction\",\"target\":{\"@type\":\"EntryPoint\",\"urlTemplate\":\"https:\/\/www.umweltbox.com\/de\/?s={search_term_string}\"},\"query-input\":{\"@type\":\"PropertyValueSpecification\",\"valueRequired\":true,\"valueName\":\"search_term_string\"}}],\"inLanguage\":\"de\"},{\"@type\":\"Organization\",\"@id\":\"https:\/\/www.umweltbox.com\/de\/#organization\",\"name\":\"Denner GmbH\",\"url\":\"https:\/\/www.umweltbox.com\/de\/\",\"logo\":{\"@type\":\"ImageObject\",\"inLanguage\":\"de\",\"@id\":\"https:\/\/www.umweltbox.com\/de\/#\/schema\/logo\/image\/\",\"url\":\"https:\/\/www.umweltbox.com\/wp-content\/uploads\/2019\/06\/logo_umweltbox_3x.png\",\"contentUrl\":\"https:\/\/www.umweltbox.com\/wp-content\/uploads\/2019\/06\/logo_umweltbox_3x.png\",\"width\":507,\"height\":180,\"caption\":\"Denner GmbH\"},\"image\":{\"@id\":\"https:\/\/www.umweltbox.com\/de\/#\/schema\/logo\/image\/\"},\"sameAs\":[\"https:\/\/www.facebook.com\/umweltbox.de\/\",\"https:\/\/www.instagram.com\/umweltbox\/\"]}]}<\/script>\n<!-- \/ Yoast SEO plugin. -->","yoast_head_json":{"title":"Sammelbox gratis bestellen & Umweltschutz f\u00f6rdern","description":"Bestellen Sie Ihre gratis Sammelbox f\u00fcr Druckerleergut und f\u00f6rdern Sie somit den Umweltschutz und sch\u00fctzen Sie wichtige Rohstoffe.","robots":{"index":"index","follow":"follow","max-snippet":"max-snippet:-1","max-image-preview":"max-image-preview:large","max-video-preview":"max-video-preview:-1"},"canonical":"https:\/\/www.umweltbox.com\/de\/sammelboxen-neu\/","og_locale":"de_DE","og_type":"article","og_title":"Sammelbox gratis bestellen & Umweltschutz f\u00f6rdern","og_description":"Bestellen Sie Ihre gratis Sammelbox f\u00fcr Druckerleergut und f\u00f6rdern Sie somit den Umweltschutz und sch\u00fctzen Sie wichtige Rohstoffe.","og_url":"https:\/\/www.umweltbox.com\/de\/sammelboxen-neu\/","og_site_name":"Umweltbox","article_publisher":"https:\/\/www.facebook.com\/umweltbox.de\/","article_modified_time":"2025-08-25T07:15:57+00:00","twitter_card":"summary_large_image","twitter_misc":{"Gesch\u00e4tzte Lesezeit":"3\u00a0Minuten"},"schema":{"@context":"https:\/\/schema.org","@graph":[{"@type":"WebPage","@id":"https:\/\/www.umweltbox.com\/de\/sammelboxen-neu\/","url":"https:\/\/www.umweltbox.com\/de\/sammelboxen-neu\/","name":"Sammelbox gratis bestellen & Umweltschutz f\u00f6rdern","isPartOf":{"@id":"https:\/\/www.umweltbox.com\/de\/#website"},"datePublished":"2025-08-25T07:05:46+00:00","dateModified":"2025-08-25T07:15:57+00:00","description":"Bestellen Sie Ihre gratis Sammelbox f\u00fcr Druckerleergut und f\u00f6rdern Sie somit den Umweltschutz und sch\u00fctzen Sie wichtige Rohstoffe.","breadcrumb":{"@id":"https:\/\/www.umweltbox.com\/de\/sammelboxen-neu\/#breadcrumb"},"inLanguage":"de","potentialAction":[{"@type":"ReadAction","target":[["https:\/\/www.umweltbox.com\/de\/sammelboxen-neu\/"]]}]},{"@type":"BreadcrumbList","@id":"https:\/\/www.umweltbox.com\/de\/sammelboxen-neu\/#breadcrumb","itemListElement":[{"@type":"ListItem","position":1,"name":"Startseite","item":"https:\/\/www.umweltbox.com\/de\/"},{"@type":"ListItem","position":2,"name":"Sammelboxen-neu"}]},{"@type":"WebSite","@id":"https:\/\/www.umweltbox.com\/de\/#website","url":"https:\/\/www.umweltbox.com\/de\/","name":"Umweltbox","description":"Druckerpatronen sammeln, recyclen und die Umwelt entlasten","publisher":{"@id":"https:\/\/www.umweltbox.com\/de\/#organization"},"potentialAction":[{"@type":"SearchAction","target":{"@type":"EntryPoint","urlTemplate":"https:\/\/www.umweltbox.com\/de\/?s={search_term_string}"},"query-input":{"@type":"PropertyValueSpecification","valueRequired":true,"valueName":"search_term_string"}}],"inLanguage":"de"},{"@type":"Organization","@id":"https:\/\/www.umweltbox.com\/de\/#organization","name":"Denner GmbH","url":"https:\/\/www.umweltbox.com\/de\/","logo":{"@type":"ImageObject","inLanguage":"de","@id":"https:\/\/www.umweltbox.com\/de\/#\/schema\/logo\/image\/","url":"https:\/\/www.umweltbox.com\/wp-content\/uploads\/2019\/06\/logo_umweltbox_3x.png","contentUrl":"https:\/\/www.umweltbox.com\/wp-content\/uploads\/2019\/06\/logo_umweltbox_3x.png","width":507,"height":180,"caption":"Denner GmbH"},"image":{"@id":"https:\/\/www.umweltbox.com\/de\/#\/schema\/logo\/image\/"},"sameAs":["https:\/\/www.facebook.com\/umweltbox.de\/","https:\/\/www.instagram.com\/umweltbox\/"]}]}},"_links":{"self":[{"href":"https:\/\/www.umweltbox.com\/de\/wp-json\/wp\/v2\/pages\/30731","targetHints":{"allow":["GET"]}}],"collection":[{"href":"https:\/\/www.umweltbox.com\/de\/wp-json\/wp\/v2\/pages"}],"about":[{"href":"https:\/\/www.umweltbox.com\/de\/wp-json\/wp\/v2\/types\/page"}],"author":[{"embeddable":true,"href":"https:\/\/www.umweltbox.com\/de\/wp-json\/wp\/v2\/users\/1"}],"replies":[{"embeddable":true,"href":"https:\/\/www.umweltbox.com\/de\/wp-json\/wp\/v2\/comments?post=30731"}],"version-history":[{"count":3,"href":"https:\/\/www.umweltbox.com\/de\/wp-json\/wp\/v2\/pages\/30731\/revisions"}],"predecessor-version":[{"id":30734,"href":"https:\/\/www.umweltbox.com\/de\/wp-json\/wp\/v2\/pages\/30731\/revisions\/30734"}],"wp:attachment":[{"href":"https:\/\/www.umweltbox.com\/de\/wp-json\/wp\/v2\/media?parent=30731"}],"curies":[{"name":"wp","href":"https:\/\/api.w.org\/{rel}","templated":true}]}}