{"id":29762,"date":"2021-04-29T11:03:38","date_gmt":"2021-04-29T09:03:38","guid":{"rendered":"https:\/\/www.umweltbox.com\/?page_id=29762"},"modified":"2023-10-10T17:44:40","modified_gmt":"2023-10-10T15:44:40","slug":"stiftung-its-for-kids","status":"publish","type":"page","link":"https:\/\/www.umweltbox.com\/de\/stiftung-its-for-kids\/","title":{"rendered":"Stiftung It\u00b4s for Kids"},"content":{"rendered":"<div class=\"wpb-content-wrapper\"><p>[vc_row][vc_column][vc_column_text]<\/p>\n<p>[\/vc_column_text][\/vc_column][\/vc_row][vc_row css=&#8220;.vc_custom_1563805521341{padding-bottom: 20px !important;}&#8220;][vc_column][vc_custom_heading text=&#8220;Stiftung It\u00b4s for Kids &#8211; denn Kinder sind unsere Zukunft!&#8220; use_theme_fonts=&#8220;yes&#8220; el_class=&#8220;title-h1&#8243; css=&#8220;.vc_custom_1620804011448{margin-bottom: 0px !important;}&#8220;][vc_custom_heading text=&#8220;&#8220; font_container=&#8220;tag:p|text_align:left&#8220; use_theme_fonts=&#8220;yes&#8220; el_class=&#8220;title-h4&#8243;][\/vc_column][\/vc_row][vc_row][vc_column width=&#8220;1\/2&#8243;][vc_column_text]Sie sind der <strong>Pfeiler unserer Gesellschaft<\/strong> und wichtig f\u00fcr unser aller Zukunft und gleichzeitig sind sie das Sch\u00fctzenswerteste, was wir haben.<\/p>\n<p>Die Stiftung It\u2019s for Kids ging 2015 aus der im Jahr 2000 gegr\u00fcndeten Aktion It\u2019s for Kids hervor.<br \/>\nIn k\u00fcrzester Zeit ist sie zu Deutschlands gro\u00dfer Kreativspenden\u00adStiftung gewachsen und hat bereits, gemeinsam mit ihren Partnern, knapp <strong>6 Millionen Euro<\/strong> einsammeln k\u00f6nnen und damit <strong>\u00fcber 250 Projekte<\/strong> f\u00fcr misshandelte, missbrauchte, vernachl\u00e4ssigte und benachteiligte Kinder aktiv unterst\u00fctzt. Gerade in der jetzigen Zeit ein starkes Zeichen.<\/p>\n<p><strong>Warum sollten Sie die Stiftung It\u2018s for Kids unterst\u00fctzen?<\/strong><\/p>\n<p>Wer kennt es nicht, man m\u00f6chte etwas <strong>Gutes tun<\/strong> und eine Kinderstiftung unterst\u00fctzen, wei\u00df aber nicht, wem man vertrauen kann oder ob die Spendengelder auch an der richtigen Stelle ankommen?<br \/>\nDie Stiftung It\u2019s for kids hat keine eigenen Projekte, sondern gibt das Geld weiter an Organisationen und Initiativen, die sie vorher gepr\u00fcft hat \u2013 damit das Geld auch wirklich da ankommt, wo es gebraucht wird.<\/p>\n<p><strong>Es lohnt sich einen genaueren Blick auf die Stiftung It\u2019s for Kids zu richten<\/strong><\/p>\n<p>Die Stiftung It\u2019s for Kids sammelt mit Hilfe verschiedener <strong>Partner, Botschafter und Kooperationspartner<\/strong> auf vielf\u00e4ltigste Weise Spenden f\u00fcr <strong>individuelle Kinderhilfsprojekte<\/strong>. Sie helfen mit kreativen Spenden, indem zahlreiche Kooperationspartner beispielsweise <strong>alten Schmuck, Zahngold, Druckerpatronen<\/strong> oder <strong>Toner<\/strong> sowie <strong>Z\u00f6pfe, Handys, Restdevisen<\/strong> und <strong>Schuhe<\/strong> sammeln, um den Erl\u00f6s daraus f\u00fcr den Kinderschutz zu spenden.<\/p>\n<p>Daher sind wir ebenfalls <strong>stolzer Partner<\/strong> der Stiftung It\u2019s for Kids und m\u00f6chten auch Ihnen diese w\u00e4rmstens ans Herz legen, denn jedes Kind hat ein Recht auf eine <strong>unbeschwerte Kindheit<\/strong>.<\/p>\n<p>N\u00e4here Informationen finden Sie unter <a href=\"http:\/\/www.its-for-kids.de\" target=\"_blank\" rel=\"noopener noreferrer\">www.its-for-kids.de<\/a><\/p>\n<p>Sie wollen Sammelpartner werden? Dann registrieren Sie sich schnell und einfach <a href=\"https:\/\/www.umweltbox.com\/at\/sammelpartner-werden\/\">hier<\/a>.[\/vc_column_text][\/vc_column][vc_column width=&#8220;1\/2&#8243;][vc_single_image image=&#8220;29906&#8243; img_size=&#8220;full&#8220; style=&#8220;vc_box_outline&#8220;][vc_empty_space height=&#8220;50px&#8220;][vc_single_image image=&#8220;29856&#8243; img_size=&#8220;full&#8220; style=&#8220;vc_box_outline&#8220;][\/vc_column][\/vc_row][vc_row][vc_column][vc_column_text]<\/p>\n<p>[\/vc_column_text][\/vc_column][\/vc_row]<\/p>\n<\/div>","protected":false},"excerpt":{"rendered":"<p>[vc_row][vc_column][vc_column_text] [\/vc_column_text][\/vc_column][\/vc_row][vc_row css=&#8220;.vc_custom_1563805521341{padding-bottom: 20px !important;}&#8220;][vc_column][vc_custom_heading text=&#8220;Stiftung It\u00b4s for Kids &#8211; denn Kinder sind unsere Zukunft!&#8220; use_theme_fonts=&#8220;yes&#8220; el_class=&#8220;title-h1&#8243; css=&#8220;.vc_custom_1620804011448{margin-bottom: 0px !important;}&#8220;][vc_custom_heading&#8230;<\/p>\n","protected":false},"author":1,"featured_media":0,"parent":0,"menu_order":0,"comment_status":"closed","ping_status":"closed","template":"","meta":{"footnotes":""},"class_list":["post-29762","page","type-page","status-publish"],"yoast_head":"<!-- This site is optimized with the Yoast SEO plugin v26.7 - https:\/\/yoast.com\/wordpress\/plugins\/seo\/ -->\n<title>Stiftung It\u00b4s for Kids - werden Sie Spendenpartner<\/title>\n<meta name=\"description\" content=\"Werden Sie zum Spendenpartner und entscheiden Sie sich den Erl\u00f6s aus der Umweltbox, an die Stiftung It&#039;s for Kids zu gespendet.\" \/>\n<meta name=\"robots\" content=\"index, follow, max-snippet:-1, max-image-preview:large, max-video-preview:-1\" \/>\n<link rel=\"canonical\" href=\"https:\/\/www.umweltbox.com\/de\/stiftung-its-for-kids\/\" \/>\n<meta property=\"og:locale\" content=\"de_DE\" \/>\n<meta property=\"og:type\" content=\"article\" \/>\n<meta property=\"og:title\" content=\"Stiftung It\u00b4s for Kids - werden Sie Spendenpartner\" \/>\n<meta property=\"og:description\" content=\"Werden Sie zum Spendenpartner und entscheiden Sie sich den Erl\u00f6s aus der Umweltbox, an die Stiftung It&#039;s for Kids zu gespendet.\" \/>\n<meta property=\"og:url\" content=\"https:\/\/www.umweltbox.com\/de\/stiftung-its-for-kids\/\" \/>\n<meta property=\"og:site_name\" content=\"Umweltbox\" \/>\n<meta property=\"article:publisher\" content=\"https:\/\/www.facebook.com\/umweltbox.de\/\" \/>\n<meta property=\"article:modified_time\" content=\"2023-10-10T15:44:40+00:00\" \/>\n<meta name=\"twitter:card\" content=\"summary_large_image\" \/>\n<meta name=\"twitter:label1\" content=\"Gesch\u00e4tzte Lesezeit\" \/>\n\t<meta name=\"twitter:data1\" content=\"4\u00a0Minuten\" \/>\n<script type=\"application\/ld+json\" class=\"yoast-schema-graph\">{\"@context\":\"https:\/\/schema.org\",\"@graph\":[{\"@type\":\"WebPage\",\"@id\":\"https:\/\/www.umweltbox.com\/de\/stiftung-its-for-kids\/\",\"url\":\"https:\/\/www.umweltbox.com\/de\/stiftung-its-for-kids\/\",\"name\":\"Stiftung It\u00b4s for Kids - werden Sie Spendenpartner\",\"isPartOf\":{\"@id\":\"https:\/\/www.umweltbox.com\/de\/#website\"},\"datePublished\":\"2021-04-29T09:03:38+00:00\",\"dateModified\":\"2023-10-10T15:44:40+00:00\",\"description\":\"Werden Sie zum Spendenpartner und entscheiden Sie sich den Erl\u00f6s aus der Umweltbox, an die Stiftung It's for Kids zu gespendet.\",\"breadcrumb\":{\"@id\":\"https:\/\/www.umweltbox.com\/de\/stiftung-its-for-kids\/#breadcrumb\"},\"inLanguage\":\"de\",\"potentialAction\":[{\"@type\":\"ReadAction\",\"target\":[[\"https:\/\/www.umweltbox.com\/de\/stiftung-its-for-kids\/\"]]}]},{\"@type\":\"BreadcrumbList\",\"@id\":\"https:\/\/www.umweltbox.com\/de\/stiftung-its-for-kids\/#breadcrumb\",\"itemListElement\":[{\"@type\":\"ListItem\",\"position\":1,\"name\":\"Startseite\",\"item\":\"https:\/\/www.umweltbox.com\/de\/\"},{\"@type\":\"ListItem\",\"position\":2,\"name\":\"Stiftung It\u00b4s for Kids\"}]},{\"@type\":\"WebSite\",\"@id\":\"https:\/\/www.umweltbox.com\/de\/#website\",\"url\":\"https:\/\/www.umweltbox.com\/de\/\",\"name\":\"Umweltbox\",\"description\":\"Druckerpatronen sammeln, recyclen und die Umwelt entlasten\",\"publisher\":{\"@id\":\"https:\/\/www.umweltbox.com\/de\/#organization\"},\"potentialAction\":[{\"@type\":\"SearchAction\",\"target\":{\"@type\":\"EntryPoint\",\"urlTemplate\":\"https:\/\/www.umweltbox.com\/de\/?s={search_term_string}\"},\"query-input\":{\"@type\":\"PropertyValueSpecification\",\"valueRequired\":true,\"valueName\":\"search_term_string\"}}],\"inLanguage\":\"de\"},{\"@type\":\"Organization\",\"@id\":\"https:\/\/www.umweltbox.com\/de\/#organization\",\"name\":\"Denner GmbH\",\"url\":\"https:\/\/www.umweltbox.com\/de\/\",\"logo\":{\"@type\":\"ImageObject\",\"inLanguage\":\"de\",\"@id\":\"https:\/\/www.umweltbox.com\/de\/#\/schema\/logo\/image\/\",\"url\":\"https:\/\/www.umweltbox.com\/wp-content\/uploads\/2019\/06\/logo_umweltbox_3x.png\",\"contentUrl\":\"https:\/\/www.umweltbox.com\/wp-content\/uploads\/2019\/06\/logo_umweltbox_3x.png\",\"width\":507,\"height\":180,\"caption\":\"Denner GmbH\"},\"image\":{\"@id\":\"https:\/\/www.umweltbox.com\/de\/#\/schema\/logo\/image\/\"},\"sameAs\":[\"https:\/\/www.facebook.com\/umweltbox.de\/\",\"https:\/\/www.instagram.com\/umweltbox\/\"]}]}<\/script>\n<!-- \/ Yoast SEO plugin. -->","yoast_head_json":{"title":"Stiftung It\u00b4s for Kids - werden Sie Spendenpartner","description":"Werden Sie zum Spendenpartner und entscheiden Sie sich den Erl\u00f6s aus der Umweltbox, an die Stiftung It's for Kids zu gespendet.","robots":{"index":"index","follow":"follow","max-snippet":"max-snippet:-1","max-image-preview":"max-image-preview:large","max-video-preview":"max-video-preview:-1"},"canonical":"https:\/\/www.umweltbox.com\/de\/stiftung-its-for-kids\/","og_locale":"de_DE","og_type":"article","og_title":"Stiftung It\u00b4s for Kids - werden Sie Spendenpartner","og_description":"Werden Sie zum Spendenpartner und entscheiden Sie sich den Erl\u00f6s aus der Umweltbox, an die Stiftung It's for Kids zu gespendet.","og_url":"https:\/\/www.umweltbox.com\/de\/stiftung-its-for-kids\/","og_site_name":"Umweltbox","article_publisher":"https:\/\/www.facebook.com\/umweltbox.de\/","article_modified_time":"2023-10-10T15:44:40+00:00","twitter_card":"summary_large_image","twitter_misc":{"Gesch\u00e4tzte Lesezeit":"4\u00a0Minuten"},"schema":{"@context":"https:\/\/schema.org","@graph":[{"@type":"WebPage","@id":"https:\/\/www.umweltbox.com\/de\/stiftung-its-for-kids\/","url":"https:\/\/www.umweltbox.com\/de\/stiftung-its-for-kids\/","name":"Stiftung It\u00b4s for Kids - werden Sie Spendenpartner","isPartOf":{"@id":"https:\/\/www.umweltbox.com\/de\/#website"},"datePublished":"2021-04-29T09:03:38+00:00","dateModified":"2023-10-10T15:44:40+00:00","description":"Werden Sie zum Spendenpartner und entscheiden Sie sich den Erl\u00f6s aus der Umweltbox, an die Stiftung It's for Kids zu gespendet.","breadcrumb":{"@id":"https:\/\/www.umweltbox.com\/de\/stiftung-its-for-kids\/#breadcrumb"},"inLanguage":"de","potentialAction":[{"@type":"ReadAction","target":[["https:\/\/www.umweltbox.com\/de\/stiftung-its-for-kids\/"]]}]},{"@type":"BreadcrumbList","@id":"https:\/\/www.umweltbox.com\/de\/stiftung-its-for-kids\/#breadcrumb","itemListElement":[{"@type":"ListItem","position":1,"name":"Startseite","item":"https:\/\/www.umweltbox.com\/de\/"},{"@type":"ListItem","position":2,"name":"Stiftung It\u00b4s for Kids"}]},{"@type":"WebSite","@id":"https:\/\/www.umweltbox.com\/de\/#website","url":"https:\/\/www.umweltbox.com\/de\/","name":"Umweltbox","description":"Druckerpatronen sammeln, recyclen und die Umwelt entlasten","publisher":{"@id":"https:\/\/www.umweltbox.com\/de\/#organization"},"potentialAction":[{"@type":"SearchAction","target":{"@type":"EntryPoint","urlTemplate":"https:\/\/www.umweltbox.com\/de\/?s={search_term_string}"},"query-input":{"@type":"PropertyValueSpecification","valueRequired":true,"valueName":"search_term_string"}}],"inLanguage":"de"},{"@type":"Organization","@id":"https:\/\/www.umweltbox.com\/de\/#organization","name":"Denner GmbH","url":"https:\/\/www.umweltbox.com\/de\/","logo":{"@type":"ImageObject","inLanguage":"de","@id":"https:\/\/www.umweltbox.com\/de\/#\/schema\/logo\/image\/","url":"https:\/\/www.umweltbox.com\/wp-content\/uploads\/2019\/06\/logo_umweltbox_3x.png","contentUrl":"https:\/\/www.umweltbox.com\/wp-content\/uploads\/2019\/06\/logo_umweltbox_3x.png","width":507,"height":180,"caption":"Denner GmbH"},"image":{"@id":"https:\/\/www.umweltbox.com\/de\/#\/schema\/logo\/image\/"},"sameAs":["https:\/\/www.facebook.com\/umweltbox.de\/","https:\/\/www.instagram.com\/umweltbox\/"]}]}},"_links":{"self":[{"href":"https:\/\/www.umweltbox.com\/de\/wp-json\/wp\/v2\/pages\/29762","targetHints":{"allow":["GET"]}}],"collection":[{"href":"https:\/\/www.umweltbox.com\/de\/wp-json\/wp\/v2\/pages"}],"about":[{"href":"https:\/\/www.umweltbox.com\/de\/wp-json\/wp\/v2\/types\/page"}],"author":[{"embeddable":true,"href":"https:\/\/www.umweltbox.com\/de\/wp-json\/wp\/v2\/users\/1"}],"replies":[{"embeddable":true,"href":"https:\/\/www.umweltbox.com\/de\/wp-json\/wp\/v2\/comments?post=29762"}],"version-history":[{"count":18,"href":"https:\/\/www.umweltbox.com\/de\/wp-json\/wp\/v2\/pages\/29762\/revisions"}],"predecessor-version":[{"id":30388,"href":"https:\/\/www.umweltbox.com\/de\/wp-json\/wp\/v2\/pages\/29762\/revisions\/30388"}],"wp:attachment":[{"href":"https:\/\/www.umweltbox.com\/de\/wp-json\/wp\/v2\/media?parent=29762"}],"curies":[{"name":"wp","href":"https:\/\/api.w.org\/{rel}","templated":true}]}}