{"id":29141,"date":"2023-10-10T10:40:53","date_gmt":"2023-10-10T08:40:53","guid":{"rendered":"https:\/\/www.umweltbox.com\/?page_id=29141"},"modified":"2026-02-09T11:43:22","modified_gmt":"2026-02-09T10:43:22","slug":"datenschutz","status":"publish","type":"page","link":"https:\/\/www.umweltbox.com\/at\/datenschutz\/","title":{"rendered":"Datenschutz"},"content":{"rendered":"<div class=\"wpb-content-wrapper\"><p>[vc_row][vc_column][vc_custom_heading text=&#8220;Datenschutzerkl\u00e4rung&#8220; use_theme_fonts=&#8220;yes&#8220; css=&#8220;.vc_custom_1563784925477{margin-bottom: 0px !important;}&#8220; el_class=&#8220;title-h1&#8243;][\/vc_column][\/vc_row][vc_row][vc_column][vc_column_text css=&#8220;&#8220;]Der Schutz Ihrer pers\u00f6nlichen Daten ist uns ein besonderes Anliegen. Wir verarbeiten Ihre Daten daher ausschlie\u00dflich auf Grundlage der gesetzlichen Bestimmungen (DSGVO, TKG 2003). In diesen Datenschutzinformationen informieren wir Sie \u00fcber die wichtigsten Aspekte der Datenverarbeitung im Rahmen unserer Website.<\/p>\n<span class=\"borlabs-cookie-open-dialog-preferences brlbs-cmpnt-container\" data-borlabs-cookie-title=\"Einstellungen anpassen\" data-borlabs-cookie-type=\"button\" ><\/span>\n<p>&nbsp;<\/p>\n<p><strong>Kontakt mit uns<\/strong><br \/>\nWenn Sie per Formular auf der Website oder per E-Mail Kontakt mit uns aufnehmen, werden Ihre angegebenen Daten zwecks Bearbeitung der Anfrage und f\u00fcr den Fall von Anschlussfragen sechs Monate bei uns gespeichert. Diese Daten geben wir nicht ohne Ihre Einwilligung weiter.<\/p>\n<h3>Hosting bei HostProfis<\/h3>\n<p>Unsere Website wird von HostProfis ISP Telekom GmbH (Rennweg 9, 9587 Riegersdorf, \u00d6sterreich) gehostet. Wir haben mit HostProfis einen Auftragsverarbeitungsvertrag (Art.\u202f28 DSGVO) geschlossen, um sicherzustellen, dass Ihre personenbezogenen Daten dort nach den gesetzlichen Vorgaben verarbeitet werden. Weitere Informationen zum Datenschutz bei HostProfis finden Sie unter: https:\/\/www.hostprofis.com\/web\/data-protection<\/p>\n<p>Server-Logfiles &amp; IP-Anonymisierung<\/p>\n<ul>\n<li>Automatische Erfassung: Bei jedem Zugriff auf unsere Website werden automatisch Informationen in Server-Logfiles gespeichert (z.\u202fB. Apache Access Log, Error Log, FTP Access Log, E-Mail Logs). Diese enthalten unter anderem Datum und Uhrzeit des Zugriffs, Name und URL der abgerufenen Datei, Referrer-URL, Browser- und Systeminformationen sowie eine IP-Adresse.<\/li>\n<li>Speicherdauer: Laut HostProfis werden diese Logfiles f\u00fcr 31\u202fTage r\u00fcckwirkend gespeichert und anschlie\u00dfend automatisiert gel\u00f6scht. Authentifizierungs-Logfiles (z.\u202fB. Anmeldeversuche) werden f\u00fcr 90\u202fTage aufbewahrt<\/li>\n<li>\u00a0IP-Anonymisierung: Wir haben bei HostProfis die Option zur IP-Adressen-Anonymisierung aktiviert.<\/li>\n<\/ul>\n<h3>Verendete Systeme &amp; Plugins<\/h3>\n<p><strong>Verwendung von WordPress<\/strong><br \/>\nDiese Website basiert auf dem Content-Management-System (CMS) WordPress, das von der WordPress Foundation (660 4th Street, San Francisco, CA 94107, USA) entwickelt wurde.<\/p>\n<p>Cookies: WordPress verwendet technisch notwendige Cookies, um z.\u202fB. Logins zu erm\u00f6glichen oder Nutzerpr\u00e4ferenzen zu speichern.<br \/>\nWP Emojis: Externe Ressourcen von wordpress.org k\u00f6nnen geladen werden, wobei die IP-Adresse an Server in den USA \u00fcbertragen werden kann.<\/p>\n<p><strong>Borlabs Cookie<\/strong><br \/>\nDiese Website verwendet Borlabs Cookie, das ein technisch notwendiges Cookie (borlabs-cookie) setzt, um Ihre Cookie-Einwilligungen zu speichern.<br \/>\nBorlabs Cookie verarbeitet keinerlei personenbezogenen Daten.<br \/>\nIm Cookie borlabs-cookie werden Ihre Einwilligungen gespeichert, die Sie beim Betreten der Website gegeben haben. M\u00f6chten Sie diese Einwilligungen widerrufen, l\u00f6schen Sie einfach das Cookie in Ihrem Browser. Wenn Sie die Website neu betreten\/neu laden, werden Sie erneut nach Ihrer Cookie-Einwilligung gefragt.<\/p>\n<p><strong>Web-Analyse<\/strong><br \/>\nUnsere Website verwendet Funktionen des Webanalysedienstes bei HostProfis ISP Telekom GmbH (Firmensitz \u00d6sterreich). Dazu werden Cookies verwendet, die eine Analyse der Benutzung der Website durch Ihre Benutzer erm\u00f6glicht. Die dadurch erzeugten Informationen werden auf den Server des Anbieters \u00fcbertragen und dort gespeichert.<br \/>\nSie k\u00f6nnen dies verhindern, indem Sie Ihren Browser so einrichten, dass keine Cookies gespeichert werden. Ihre IP-Adresse wird erfasst, aber umgehend durch L\u00f6schung der letzten 8 Bit pseudonymisiert. Dadurch ist nur mehr eine grobe Lokalisierung m\u00f6glich. Es werden keine Daten ins EU-Ausland \u00fcbertragen.<br \/>\nDie Datenverarbeitung erfolgt auf Basis der gesetzlichen Bestimmungen des \u00a7 96 Abs 3 TKG sowie des Art 6 Abs 1 lit a (Einwilligung) und\/oder f (berechtigtes Interesse) der DSGVO. Unser Anliegen im Sinne der DSGVO (berechtigtes Interesse) ist die Verbesserung unseres Angebotes und unseres Webauftritts. Da uns die Privatsph\u00e4re unserer Nutzer wichtig ist, werden die Nutzerdaten pseudonymisiert.<\/p>\n<p>Die Nutzerdaten werden f\u00fcr die Dauer von 1 Jahr aufbewahrt.<\/p>\n<p><strong>Google Fonts Datenschutzerkl\u00e4rung<\/strong><br \/>\nWir verwenden Google Fonts der Firma Google Inc. (1600 Amphitheatre Parkway Mountain View, CA 94043, USA) auf unserer Webseite. Die Verwendung von Google Fonts erfolgt ohne Authentisierung und es werden keine Cookies and die Google Fonts API gesendet. Sollten Sie ein Konto bei Google haben, werden keine Ihrer Google-Kontodaten an Google w\u00e4hrend der Nutzung von Google Fonts \u00fcbermittelt. Google erfasst lediglich die Nutzung von CSS und der verwendeten Fonts und speichert diese Daten sicher. Mehr zu diesen und weiteren Fragen finden Sie auf <a href=\"https:\/\/developers.google.com\/fonts\/faq\" target=\"_blank\" rel=\"noopener noreferrer\">https:\/\/developers.google.com\/fonts\/faq<\/a>.<br \/>\nWelche Daten von Google erfasst werden und wof\u00fcr diese Daten verwendet werden, k\u00f6nnen Sie auf <a href=\"https:\/\/www.google.com\/intl\/de\/policies\/privacy\/\" target=\"_blank\" rel=\"noopener noreferrer\">https:\/\/www.google.com\/intl\/de\/policies\/privacy\/<\/a> nachlesen.<\/p>\n<p><strong>Facebook Datenschutzerkl\u00e4rung<\/strong><br \/>\nWir verwenden auf dieser Webseite Funktionen von Facebook, einem Social Media Network der FIrma Facebook Ireland Ltd., 4 Grand Canal Square, Grand Canal Harbour, Dublin 2 Ireland.<br \/>\nWelche Funktionen (Soziale Plug-ins) Facebook bereitstellt, k\u00f6nnen Sie auf <a href=\"https:\/\/developers.facebook.com\/docs\/plugins\/\" target=\"_blank\" rel=\"noopener noreferrer\">https:\/\/developers.facebook.com\/docs\/plugins\/<\/a> nachlesen.<br \/>\nDurch den Besuch unserer Webseite k\u00f6nnen Informationen an Facebook \u00fcbermittelt werden. Wenn Sie \u00fcber ein Facebook-Konto verf\u00fcgen, kann Facebook diese Daten Ihrem pers\u00f6nlichen Konto zuordnen. Sollten Sie das nicht w\u00fcnschen, melden Sie sich bitte von Facebook ab.<br \/>\nDie Datenschutzrichtlinien, welche Informationen Facebook sammelt und wie sie diese verwenden finden Sie auf <a href=\"https:\/\/www.facebook.com\/policy.php\" target=\"_blank\" rel=\"noopener noreferrer\">https:\/\/www.facebook.com\/policy.php<\/a>.<\/p>\n<p>Nur wenn Sie ein b\u00f6sartiges Verhalten zeigen (z. B. ein f\u00fcr Hacker typisches Browsing-Muster, versuchen, unsere Website mit manipulierten URLs zu hacken oder versuchen, auf Verwaltungsseiten zuzugreifen, die nicht \u00f6ffentlich zug\u00e4nglich sind), sendet Wordfence Ihre IP-Adresse an Server ausserhalb der EU, um den Service im Interesse der Sicherheit im Internet zu verbessern und f\u00fcgt die IP-Adresse der Wordfence Blacklist hinzu. Wenn die Angriffe auf die Webseite aufh\u00f6ren wird die IP Adresse umgehend nach 48 Stunden entfernt.<br \/>\nDie Datenschutzrichtlinien von Wordfence k\u00f6nnen Sie auf <a href=\"https:\/\/www.wordfence.com\/terms-of-use\/\" target=\"_blank\" rel=\"noopener noreferrer\">https:\/\/www.wordfence.com\/terms-of-use\/<\/a> und auf <a href=\"https:\/\/www.wordfence.com\/privacy-policy\/\" target=\"_blank\" rel=\"noopener noreferrer\">https:\/\/www.wordfence.com\/privacy-policy\/<\/a> nachlesen.<\/p>\n<p><strong>Google Maps Datenschutzerkl\u00e4rung<\/strong><br \/>\nWir verwenden Google Maps der Firma Google Inc. (1600 Amphitheatre Parkway Mountain View, CA 94043, USA) auf unserer Webseite.<br \/>\nDurch die Nutzung der Funktionen dieser Karte werden Daten an Google \u00fcbertragen. Welche Daten von Google erfasst werden und wof\u00fcr diese Daten verwendet werden, k\u00f6nnen Sie auf <a href=\"https:\/\/www.google.com\/intl\/de\/policies\/privacy\/\" target=\"_blank\" rel=\"noopener noreferrer\">https:\/\/www.google.com\/intl\/de\/policies\/privacy\/<\/a> nachlesen.<\/p>\n<p><strong>Smash Balloon Plugin<\/strong><br \/>\nWir verwenden auf unserer Website das Plugin Smash Balloon, um Social-Media-Inhalte, insbesondere von Facebook, anzuzeigen. Betreiber des Plugins ist Smash Balloon LLC.<\/p>\n<p>Datenverarbeitung:<br \/>\n\u2022 Automatische Erfassung: Beim Laden der Social-Media-Inhalte stellt Ihr Browser eine Verbindung zu den Servern der jeweiligen Social-Media-Plattformen her (z.\u202fB. Facebook). Dabei wird Ihre IP-Adresse an diese Plattformen \u00fcbermittelt.<br \/>\n\u2022 Externe Skripte: Das Plugin kann externe Skripte laden, um die Social-Media-Inhalte korrekt darzustellen. Diese Skripte k\u00f6nnen Daten wie Ihre IP-Adresse erfassen.<br \/>\n\u2022 Cookies: Das Plugin selbst setzt keine Cookies zur Speicherung personenbezogener Daten. Allerdings k\u00f6nnen eingebettete Social-Media-Inhalte (z.\u202fB. Facebook-Like-Buttons) Cookies verwenden, um das Nutzerverhalten zu analysieren.<\/p>\n<p>Rechtsgrundlage: Einwilligung (Art. 6 Abs. 1 lit. a DSGVO): Die Einbindung der Social-Media-Inhalte erfolgt nur mit Ihrer ausdr\u00fccklichen Zustimmung, die Sie \u00fcber unser Cookie-Banner erteilen k\u00f6nnen.<\/p>\n<p>Weitere Informationen: Smash Balloon Datenschutzrichtlinie:\u00a0<a href=\"https:\/\/smashballoon.com\/gdpr-and-our-plugins\/\" target=\"_blank\" rel=\"noopener\">https:\/\/smashballoon.com\/gdpr-and-our-plugins\/<\/a><br \/>\nFacebook Datenschutzrichtlinie:\u00a0<a href=\"https:\/\/www.facebook.com\/about\/privacy\/\" target=\"_blank\" rel=\"noopener\">https:\/\/www.facebook.com\/about\/privacy\/<\/a><\/p>\n<p><strong>YouTube Datenschutzerkl\u00e4rung<\/strong><br \/>\nWir verwenden auf dieser Seite des Videodienstes YouTube, der Firma YouTube, LLC, 901 Cherry Ave., San Bruno, CA 94066, USA.<br \/>\nDurch das Aufrufen von Seiten unserer Webseite, die YouTube Videos integriert haben, werden Daten an YouTube \u00fcbertragen, gespeichert und ausgewertet.<br \/>\nSollten Sie ein YouTube-Konto haben und angemeldet sein, werden diese Daten Ihrem pers\u00f6nlichen Konto und den darin gespeicherten Daten zugeordnet.<br \/>\nWelche Daten von Google erfasst werden und wof\u00fcr diese Daten verwendet werden, k\u00f6nnen Sie auf\u00a0<a href=\"https:\/\/www.google.com\/intl\/de\/policies\/privacy\/\" target=\"_blank\" rel=\"noopener\">https:\/\/www.google.com\/intl\/de\/policies\/privacy\/<\/a>\u00a0nachlesen.<\/p>\n<p><strong>Agile Store Locator Datenschutzerkl\u00e4rung<\/strong><br \/>\nWir verwenden Agile Store Locator der Firma AgileLogix. auf unserer Webseite.<br \/>\nDurch die Nutzung der Funktionen dieser Karte werden Daten an AgileLogix \u00fcbertragen. Welche Daten von AgileLogix erfasst werden und wof\u00fcr diese Daten verwendet werden, k\u00f6nnen Sie auf <a href=\"https:\/\/agilestorelocator.com\/privacy-policy\/\" target=\"_blank\" rel=\"noopener\">https:\/\/agilestorelocator.com\/privacy-policy\/<\/a>\u00a0nachlesen.<\/p>\n<p><strong>WPForms \u2013 Kontaktformular<\/strong><br \/>\nWir nutzen auf unserer Website das Plugin WPForms, um Kontaktanfragen zu verwalten. Der Anbieter dieses Plugins ist WPForms LLC, 7732 Maywood Crest Dr, West Palm Beach, FL 33412, USA. Wenn Sie uns \u00fcber das Kontaktformular eine Anfrage senden, werden die von Ihnen eingegebenen Daten (z. B. Name, E-Mail-Adresse, Telefonnummer, Nachrichtentext) zum Zweck der Bearbeitung Ihrer Anfrage und f\u00fcr den Fall von Anschlussfragen bei uns gespeichert. Die Verarbeitung dieser Daten erfolgt gem\u00e4\u00df Art. 6 Abs. 1 lit. b DSGVO (Vertragserf\u00fcllung oder vorvertragliche Ma\u00dfnahmen) oder auf Grundlage unseres berechtigten Interesses an einer effizienten Kommunikation mit Websitebesuchern nach Art. 6 Abs. 1 lit. f DSGVO.<\/p>\n<p>Die \u00fcbermittelten Daten werden nicht ohne Ihre Einwilligung weitergegeben. Sofern keine gesetzlichen Aufbewahrungspflichten bestehen, werden Ihre Daten gel\u00f6scht, sobald Ihre Anfrage abschlie\u00dfend bearbeitet ist.<\/p>\n<p>Daten\u00fcbertragung und Speicherung<br \/>\nWPForms speichert die Formulardaten in der Regel lokal in der WordPress-Datenbank auf unserem Server. Eine Weiterleitung an WPForms LLC oder Dritte findet nicht automatisch statt, es sei denn, Sie haben ausdr\u00fccklich in zus\u00e4tzliche Dienste (z. B. E-Mail-Marketing, CRM-Integration) eingewilligt. Wenn Sie uns eine Nachricht \u00fcbermitteln, erfolgt die Daten\u00fcbertragung verschl\u00fcsselt (SSL\/TLS).<\/p>\n<p>Mehr Informationen zur Datenverarbeitung durch WPForms finden Sie unter<a href=\"https:\/\/wpforms.com\/privacy-policy\/\" target=\"_blank\" rel=\"noopener\">\u00a0https:\/\/wpforms.com\/privacy-policy\/<\/a><\/p>\n<p><strong>Verwendung von Cloudflare Turnstile (Captcha-Schutz)<\/strong><br \/>\nWir nutzen Cloudflare Turnstile auf unserer Website. Anbieter ist Cloudflare, Inc., 101 Townsend St, San Francisco, CA 94107, USA.<\/p>\n<p>Cloudflare Turnstile dient der \u00dcberpr\u00fcfung, ob die Dateneingabe auf unserer Website (z. B. im Kontaktformular) durch eine nat\u00fcrliche Person oder durch automatisierte Programme (Bots) erfolgt. Hierzu analysiert Turnstile das Verhalten des Websitebesuchers anhand verschiedener Merkmale (z. B. Mausbewegungen oder Verweildauer auf der Seite). Diese Analyse startet automatisch, sobald der Besucher eine Seite mit aktiviertem Turnstile-Captcha aufruft.<\/p>\n<p>Die dabei erfassten Daten (z. B. IP-Adresse, Browserinformationen, Datum und Uhrzeit der Anfrage, Referrer-URL, Verhaltensdaten) werden an Cloudflare \u00fcbermittelt. Laut Cloudflare werden die erfassten Daten nicht zur Analyse oder Werbung verwendet, sondern ausschlie\u00dflich zur Sicherstellung der Sicherheit und Funktionsf\u00e4higkeit des Dienstes.<br \/>\nDie Nutzung von Cloudflare Turnstile erfolgt auf Grundlage von Art. 6 Abs. 1 lit. f DSGVO (berechtigtes Interesse) \u2014 wir haben ein berechtigtes Interesse daran, unsere Website vor missbr\u00e4uchlicher automatisierter Aussp\u00e4hung und Spam zu sch\u00fctzen. Sofern eine Einwilligung \u00fcber ein Cookie- oder Consent-Banner eingeholt wird, erfolgt die Verarbeitung ausschlie\u00dflich auf Grundlage von Art. 6 Abs. 1 lit. a DSGVO; die Einwilligung ist jederzeit widerrufbar.<\/p>\n<p>Cloudflare ist nach dem EU\u2013US Data Privacy Framework zertifiziert, wodurch ein angemessenes Datenschutzniveau gew\u00e4hrleistet wird.<br \/>\nWeitere Informationen zur Datenverarbeitung durch Cloudflare finden Sie unter\u00a0<a href=\"https:\/\/www.cloudflare.com\/de-de\/privacypolicy\/\" target=\"_blank\" rel=\"noopener\">https:\/\/www.cloudflare.com\/de-de\/privacypolicy\/<\/a><\/p>\n<p><strong>Verwendung von qTranslate XT<\/strong><br \/>\nUnsere Website nutzt das Plugin qTranslate XT, um Inhalte mehrsprachig darzustellen. Dabei wird ein Funktions-Cookie gespeichert, das lediglich die gew\u00e4hlte Sprache festh\u00e4lt:<\/p>\n<ul>\n<li>qtrans_frontend_language \u2013 speichert die bevorzugte Sprache des Nutzers (Speicherdauer: bis zu 1 Jahr).<\/li>\n<\/ul>\n<p>Dieses Cookie enth\u00e4lt keine personenbezogenen Daten. Eine Datenweitergabe an Dritte findet nicht statt. Die Nutzung erfolgt auf Grundlage unseres berechtigten Interesses an einer nutzerfreundlichen, mehrsprachigen Darstellung gem\u00e4\u00df Art. 6 Abs. 1 lit. f DSGVO.<\/p>\n<h3>Ihre Rechte als betroffene Person<\/h3>\n<p>Sie haben gem\u00e4\u00df DSGVO folgende Rechte:<\/p>\n<p>\u2022 Auskunft (Art. 15 DSGVO) \u2013 Welche Daten verarbeiten wir \u00fcber Sie?<br \/>\n\u2022 Berichtigung (Art. 16 DSGVO) \u2013 Korrektur unrichtiger Daten<br \/>\n\u2022 L\u00f6schung (Art. 17 DSGVO) \u2013 \u201eRecht auf Vergessenwerden\u201c<br \/>\n\u2022 Einschr\u00e4nkung der Verarbeitung (Art. 18 DSGVO)<br \/>\n\u2022 Daten\u00fcbertragbarkeit (Art. 20 DSGVO)<br \/>\n\u2022 Widerspruch (Art. 21 DSGVO)<br \/>\n\u2022 Widerruf einer Einwilligung (Art. 7 Abs. 3 DSGVO)<\/p>\n<p>Zur Aus\u00fcbung dieser Rechte kontaktieren Sie uns bitte unter<\/p>\n<p><strong>Denner GmbH<\/strong><\/p>\n<p>Thayapark 17<br \/>\n2136 Laa an der Thaya<br \/>\n43 (0) 25 22 \/ 20 100<br \/>\noffice@umweltbox.at<\/p>\n<h3>Beschwerderecht bei der Datenschutzbeh\u00f6rde<\/h3>\n<p>Wenn Sie der Meinung sind, dass die Verarbeitung Ihrer Daten gegen die DSGVO verst\u00f6\u00dft, k\u00f6nnen Sie sich an die \u00f6sterreichische Datenschutzbeh\u00f6rde wenden:<\/p>\n<p>\u00d6sterreichische Datenschutzbeh\u00f6rde<br \/>\nBarichgasse 40-42<br \/>\n1030 Wien<br \/>\nTelefon: +43 1 52 152-0<br \/>\nE-Mail: dsb@dsb.gv.at<br \/>\nWebsite: https:\/\/www.dsb.gv.at<\/p>\n<h3>Aktualit\u00e4t und \u00c4nderungen dieser Datenschutzerkl\u00e4rung<\/h3>\n<p>Diese Datenschutzerkl\u00e4rung hat den Stand Januar 2026[\/vc_column_text][\/vc_column][\/vc_row]<\/p>\n<\/div>","protected":false},"excerpt":{"rendered":"<p>[vc_row][vc_column][vc_custom_heading text=&#8220;Datenschutzerkl\u00e4rung&#8220; use_theme_fonts=&#8220;yes&#8220; css=&#8220;.vc_custom_1563784925477{margin-bottom: 0px !important;}&#8220; el_class=&#8220;title-h1&#8243;][\/vc_column][\/vc_row][vc_row][vc_column][vc_column_text css=&#8220;&#8220;]Der Schutz Ihrer pers\u00f6nlichen Daten ist uns ein besonderes Anliegen. Wir verarbeiten Ihre&#8230;<\/p>\n","protected":false},"author":1,"featured_media":0,"parent":0,"menu_order":0,"comment_status":"closed","ping_status":"closed","template":"","meta":{"footnotes":""},"class_list":["post-29141","page","type-page","status-publish"],"yoast_head":"<!-- This site is optimized with the Yoast SEO plugin v26.7 - https:\/\/yoast.com\/wordpress\/plugins\/seo\/ -->\n<title>Datenschutz - Umweltbox<\/title>\n<meta name=\"description\" content=\"Der Datenschutz ist f\u00fcr uns sehr wichtig. Wir verarbeiten Ihre Daten daher ausschlie\u00dflich auf Grundlage der gesetzlichen Bestimmungen.\" \/>\n<meta name=\"robots\" content=\"index, follow, max-snippet:-1, max-image-preview:large, max-video-preview:-1\" \/>\n<link rel=\"canonical\" href=\"https:\/\/www.umweltbox.com\/at\/datenschutz\/\" \/>\n<meta property=\"og:locale\" content=\"de_DE\" \/>\n<meta property=\"og:type\" content=\"article\" \/>\n<meta property=\"og:title\" content=\"Datenschutz - Umweltbox\" \/>\n<meta property=\"og:description\" content=\"Der Datenschutz ist f\u00fcr uns sehr wichtig. Wir verarbeiten Ihre Daten daher ausschlie\u00dflich auf Grundlage der gesetzlichen Bestimmungen.\" \/>\n<meta property=\"og:url\" content=\"https:\/\/www.umweltbox.com\/at\/datenschutz\/\" \/>\n<meta property=\"og:site_name\" content=\"Umweltbox\" \/>\n<meta property=\"article:publisher\" content=\"https:\/\/www.facebook.com\/umweltbox.de\/\" \/>\n<meta property=\"article:modified_time\" content=\"2026-02-09T10:43:22+00:00\" \/>\n<meta name=\"twitter:card\" content=\"summary_large_image\" \/>\n<meta name=\"twitter:label1\" content=\"Gesch\u00e4tzte Lesezeit\" \/>\n\t<meta name=\"twitter:data1\" content=\"10\u00a0Minuten\" \/>\n<script type=\"application\/ld+json\" class=\"yoast-schema-graph\">{\"@context\":\"https:\/\/schema.org\",\"@graph\":[{\"@type\":\"WebPage\",\"@id\":\"https:\/\/www.umweltbox.com\/at\/datenschutz\/\",\"url\":\"https:\/\/www.umweltbox.com\/at\/datenschutz\/\",\"name\":\"Datenschutz - Umweltbox\",\"isPartOf\":{\"@id\":\"https:\/\/www.umweltbox.com\/at\/#website\"},\"datePublished\":\"2023-10-10T08:40:53+00:00\",\"dateModified\":\"2026-02-09T10:43:22+00:00\",\"description\":\"Der Datenschutz ist f\u00fcr uns sehr wichtig. Wir verarbeiten Ihre Daten daher ausschlie\u00dflich auf Grundlage der gesetzlichen Bestimmungen.\",\"breadcrumb\":{\"@id\":\"https:\/\/www.umweltbox.com\/at\/datenschutz\/#breadcrumb\"},\"inLanguage\":\"de\",\"potentialAction\":[{\"@type\":\"ReadAction\",\"target\":[[\"https:\/\/www.umweltbox.com\/at\/datenschutz\/\"]]}]},{\"@type\":\"BreadcrumbList\",\"@id\":\"https:\/\/www.umweltbox.com\/at\/datenschutz\/#breadcrumb\",\"itemListElement\":[{\"@type\":\"ListItem\",\"position\":1,\"name\":\"Startseite\",\"item\":\"https:\/\/www.umweltbox.com\/at\/\"},{\"@type\":\"ListItem\",\"position\":2,\"name\":\"Datenschutz\"}]},{\"@type\":\"WebSite\",\"@id\":\"https:\/\/www.umweltbox.com\/at\/#website\",\"url\":\"https:\/\/www.umweltbox.com\/at\/\",\"name\":\"Umweltbox\",\"description\":\"Druckerpatronen sammeln, recyclen und die Umwelt entlasten\",\"publisher\":{\"@id\":\"https:\/\/www.umweltbox.com\/at\/#organization\"},\"potentialAction\":[{\"@type\":\"SearchAction\",\"target\":{\"@type\":\"EntryPoint\",\"urlTemplate\":\"https:\/\/www.umweltbox.com\/at\/?s={search_term_string}\"},\"query-input\":{\"@type\":\"PropertyValueSpecification\",\"valueRequired\":true,\"valueName\":\"search_term_string\"}}],\"inLanguage\":\"de\"},{\"@type\":\"Organization\",\"@id\":\"https:\/\/www.umweltbox.com\/at\/#organization\",\"name\":\"Denner GmbH\",\"url\":\"https:\/\/www.umweltbox.com\/at\/\",\"logo\":{\"@type\":\"ImageObject\",\"inLanguage\":\"de\",\"@id\":\"https:\/\/www.umweltbox.com\/at\/#\/schema\/logo\/image\/\",\"url\":\"https:\/\/www.umweltbox.com\/wp-content\/uploads\/2019\/06\/logo_umweltbox_3x.png\",\"contentUrl\":\"https:\/\/www.umweltbox.com\/wp-content\/uploads\/2019\/06\/logo_umweltbox_3x.png\",\"width\":507,\"height\":180,\"caption\":\"Denner GmbH\"},\"image\":{\"@id\":\"https:\/\/www.umweltbox.com\/at\/#\/schema\/logo\/image\/\"},\"sameAs\":[\"https:\/\/www.facebook.com\/umweltbox.de\/\",\"https:\/\/www.instagram.com\/umweltbox\/\"]}]}<\/script>\n<!-- \/ Yoast SEO plugin. -->","yoast_head_json":{"title":"Datenschutz - Umweltbox","description":"Der Datenschutz ist f\u00fcr uns sehr wichtig. Wir verarbeiten Ihre Daten daher ausschlie\u00dflich auf Grundlage der gesetzlichen Bestimmungen.","robots":{"index":"index","follow":"follow","max-snippet":"max-snippet:-1","max-image-preview":"max-image-preview:large","max-video-preview":"max-video-preview:-1"},"canonical":"https:\/\/www.umweltbox.com\/at\/datenschutz\/","og_locale":"de_DE","og_type":"article","og_title":"Datenschutz - Umweltbox","og_description":"Der Datenschutz ist f\u00fcr uns sehr wichtig. Wir verarbeiten Ihre Daten daher ausschlie\u00dflich auf Grundlage der gesetzlichen Bestimmungen.","og_url":"https:\/\/www.umweltbox.com\/at\/datenschutz\/","og_site_name":"Umweltbox","article_publisher":"https:\/\/www.facebook.com\/umweltbox.de\/","article_modified_time":"2026-02-09T10:43:22+00:00","twitter_card":"summary_large_image","twitter_misc":{"Gesch\u00e4tzte Lesezeit":"10\u00a0Minuten"},"schema":{"@context":"https:\/\/schema.org","@graph":[{"@type":"WebPage","@id":"https:\/\/www.umweltbox.com\/at\/datenschutz\/","url":"https:\/\/www.umweltbox.com\/at\/datenschutz\/","name":"Datenschutz - Umweltbox","isPartOf":{"@id":"https:\/\/www.umweltbox.com\/at\/#website"},"datePublished":"2023-10-10T08:40:53+00:00","dateModified":"2026-02-09T10:43:22+00:00","description":"Der Datenschutz ist f\u00fcr uns sehr wichtig. Wir verarbeiten Ihre Daten daher ausschlie\u00dflich auf Grundlage der gesetzlichen Bestimmungen.","breadcrumb":{"@id":"https:\/\/www.umweltbox.com\/at\/datenschutz\/#breadcrumb"},"inLanguage":"de","potentialAction":[{"@type":"ReadAction","target":[["https:\/\/www.umweltbox.com\/at\/datenschutz\/"]]}]},{"@type":"BreadcrumbList","@id":"https:\/\/www.umweltbox.com\/at\/datenschutz\/#breadcrumb","itemListElement":[{"@type":"ListItem","position":1,"name":"Startseite","item":"https:\/\/www.umweltbox.com\/at\/"},{"@type":"ListItem","position":2,"name":"Datenschutz"}]},{"@type":"WebSite","@id":"https:\/\/www.umweltbox.com\/at\/#website","url":"https:\/\/www.umweltbox.com\/at\/","name":"Umweltbox","description":"Druckerpatronen sammeln, recyclen und die Umwelt entlasten","publisher":{"@id":"https:\/\/www.umweltbox.com\/at\/#organization"},"potentialAction":[{"@type":"SearchAction","target":{"@type":"EntryPoint","urlTemplate":"https:\/\/www.umweltbox.com\/at\/?s={search_term_string}"},"query-input":{"@type":"PropertyValueSpecification","valueRequired":true,"valueName":"search_term_string"}}],"inLanguage":"de"},{"@type":"Organization","@id":"https:\/\/www.umweltbox.com\/at\/#organization","name":"Denner GmbH","url":"https:\/\/www.umweltbox.com\/at\/","logo":{"@type":"ImageObject","inLanguage":"de","@id":"https:\/\/www.umweltbox.com\/at\/#\/schema\/logo\/image\/","url":"https:\/\/www.umweltbox.com\/wp-content\/uploads\/2019\/06\/logo_umweltbox_3x.png","contentUrl":"https:\/\/www.umweltbox.com\/wp-content\/uploads\/2019\/06\/logo_umweltbox_3x.png","width":507,"height":180,"caption":"Denner GmbH"},"image":{"@id":"https:\/\/www.umweltbox.com\/at\/#\/schema\/logo\/image\/"},"sameAs":["https:\/\/www.facebook.com\/umweltbox.de\/","https:\/\/www.instagram.com\/umweltbox\/"]}]}},"_links":{"self":[{"href":"https:\/\/www.umweltbox.com\/at\/wp-json\/wp\/v2\/pages\/29141","targetHints":{"allow":["GET"]}}],"collection":[{"href":"https:\/\/www.umweltbox.com\/at\/wp-json\/wp\/v2\/pages"}],"about":[{"href":"https:\/\/www.umweltbox.com\/at\/wp-json\/wp\/v2\/types\/page"}],"author":[{"embeddable":true,"href":"https:\/\/www.umweltbox.com\/at\/wp-json\/wp\/v2\/users\/1"}],"replies":[{"embeddable":true,"href":"https:\/\/www.umweltbox.com\/at\/wp-json\/wp\/v2\/comments?post=29141"}],"version-history":[{"count":14,"href":"https:\/\/www.umweltbox.com\/at\/wp-json\/wp\/v2\/pages\/29141\/revisions"}],"predecessor-version":[{"id":30785,"href":"https:\/\/www.umweltbox.com\/at\/wp-json\/wp\/v2\/pages\/29141\/revisions\/30785"}],"wp:attachment":[{"href":"https:\/\/www.umweltbox.com\/at\/wp-json\/wp\/v2\/media?parent=29141"}],"curies":[{"name":"wp","href":"https:\/\/api.w.org\/{rel}","templated":true}]}}