{"id":28902,"date":"2019-07-17T10:36:50","date_gmt":"2019-07-17T08:36:50","guid":{"rendered":"https:\/\/www.umweltbox.com\/?page_id=28902"},"modified":"2025-09-10T08:34:04","modified_gmt":"2025-09-10T06:34:04","slug":"fuer-maerkte","status":"publish","type":"page","link":"https:\/\/www.umweltbox.com\/at\/sammelpartner-werden\/fuer-maerkte\/","title":{"rendered":"Umweltbox f\u00fcr M\u00e4rkte"},"content":{"rendered":"<div class=\"wpb-content-wrapper\"><p>[vc_row][vc_column][vc_column_text][\/vc_column_text][\/vc_column][\/vc_row][vc_row][vc_column][vc_custom_heading text=&#8220;Ihr Markt im Zeichen des Umweltschutzes&#8220; use_theme_fonts=&#8220;yes&#8220; css=&#8220;.vc_custom_1563355859228{margin-bottom: 0px !important;}&#8220; el_class=&#8220;title-h1&#8243;][vc_custom_heading text=&#8220;Neukunden und besseres Image als Partner der Umweltbox&#8220; font_container=&#8220;tag:p|text_align:left&#8220; use_theme_fonts=&#8220;yes&#8220; el_class=&#8220;title-h4&#8243;][\/vc_column][\/vc_row][vc_row][vc_column width=&#8220;1\/2&#8243;][vc_column_text]Pr\u00e4sentieren Sie Ihren Markt im Zeichen der Umweltbox und gewinnen Sie durch Ihre Partnerschaft Neukunden. Mithilfe Ihrer Mitarbeiter und Kunden k\u00f6nnen Sie einen gro\u00dfen Beitrag zur Umwelt leisten, sobald die Umweltbox in Ihrem oder einen Ihrer M\u00e4rkte steht. Sie fordern in Ihrem Markt Ihre Angestellten auf, Druckerpatronen und Toner f\u00fcr die Umwelt zu sammeln und den Recyclingprozess zu unterst\u00fctzen. M\u00e4rkte jeglicher Gr\u00f6\u00dfe sind Willkommen daran am Umweltschutz teilzunehmen. Je mehr Ihrer Angestellten und Kunden darauf aufmerksam werden, umso mehr Mitarbeiter erweitern den Beitrag zur Umwelt.<\/p>\n<p>Steigern Sie Ihr Ansehen und Image bei bestehenden Kunden und Mitarbeitern durch sichtbare Aufstellung der Umweltbox. Somit helfen Sie mit beim Umweltschutz und setzen ein Zeichen bei der Nachhaltigkeit durch die Umweltbox.<\/p>\n<p><strong>1. Umweltbox aufstellen<\/strong><br \/>\nDie Umweltbox wird von uns f\u00fcr Ihr Unternehmen in gew\u00fcnschter Gr\u00f6\u00dfe zur Verf\u00fcgung gestellt. Schauen Sie sich unsere <a href=\"https:\/\/www.umweltbox.com\/at\/gratis-sammelboxen\/\">Sammelboxenvielfalt<\/a> an.<\/p>\n<p><strong>2. Sammeln<\/strong><br \/>\nDie leeren Druckerpatronen und Toner k\u00f6nnen vom Kunden gezielt in der Umweltbox entsorgt werden. Eine Anleitung wie das Sammeln funktioniert, finden Sie in unserem <a href=\"https:\/\/www.umweltbox.com\/wp-content\/uploads\/2023\/04\/DE_Sammelleitfaden.pdf\" target=\"_blank\" rel=\"noopener noreferrer\">Sammelleitfaden<\/a>.<\/p>\n<p><strong>3. Abholen lassen<\/strong><br \/>\nNach Kontaktaufnahme veranlassen wir die kostenlose <a href=\"https:\/\/www.umweltbox.com\/abholung\/\">Abholung<\/a> der vollen Sammelbox.[\/vc_column_text]<style type=\"text\/css\">.thegem-button-69f01e810aa166055 .gem-button svg {fill: #ffffff;}.thegem-button-69f01e810aa166055 .gem-button:hover svg {fill: #ffffff;}<\/style><div class=\"gem-button-container gem-button-position-fullwidth thegem-button-69f01e810aa166055    \"  ><a class=\"gem-button gem-button-size-medium gem-button-style-flat gem-button-text-weight-normal\" data-ll-effect=\"drop-right-without-wrap\" style=\"border-radius: 3px;background-color: #638906;color: #ffffff;\" onmouseleave=\"this.style.backgroundColor='#638906';this.style.color='#ffffff';\" onmouseenter=\"this.style.backgroundColor='#95BC1D';this.style.color='#ffffff';\" href=\"http:\/\/www.umweltbox.com\/at\/sammelpartner-werden\/#anmeldeformular\" target=\"_self\">Jetzt registrieren<\/a><\/div> [\/vc_column][vc_column width=&#8220;1\/2&#8243;][vc_single_image image=&#8220;29885&#8243; img_size=&#8220;full&#8220; style=&#8220;vc_box_outline&#8220;][vc_single_image image=&#8220;29459&#8243; img_size=&#8220;full&#8220; style=&#8220;vc_box_outline&#8220;][\/vc_column][\/vc_row][vc_row][vc_column][vc_tta_accordion style=&#8220;flat&#8220; shape=&#8220;round&#8220; color=&#8220;grey&#8220; c_icon=&#8220;outlined_rounded&#8220; active_section=&#8220;0&#8243; collapsible_all=&#8220;true&#8220; css=&#8220;.vc_custom_1582195366847{border-top-width: 2px !important;border-right-width: 2px !important;border-bottom-width: 2px !important;border-left-width: 2px !important;padding-top: 10px !important;padding-right: 10px !important;padding-bottom: 10px !important;padding-left: 10px !important;border-left-color: #95bc1d !important;border-left-style: solid !important;border-right-color: #95bc1d !important;border-right-style: solid !important;border-top-color: #95bc1d !important;border-top-style: solid !important;border-bottom-color: #95bc1d !important;border-bottom-style: solid !important;border-radius: 10px !important;}&#8220;][vc_tta_section title=&#8220;Richtig entsorgen&#8220; tab_id=&#8220;1582195239759-d306e28a-7c8f&#8220;][vc_column_text]F\u00fcr eine optimale Entsorgung, ben\u00f6tigen Sie f\u00fcr Abf\u00e4lle die<span style=\"color: #638906;\"> richtigen Entsorgungsvarianten<\/span>, so dass sie keine Gef\u00e4hrdung f\u00fcr die Umwelt darstellen. Mit der M\u00fclltrennung erledigen Sie den ersten Schritt zum Recycling. Aus dem Grund stellen wir Ihnen s\u00e4mtliche Sammelboxen f\u00fcr eine bessere Umwelt zur Verf\u00fcgung.<\/p>\n<p>Sowohl Tonerkartuschen als auch die Druckerpatronen geh\u00f6ren zur Kategorie Sonderm\u00fcll, somit d\u00fcrfen Sie diese Abf\u00e4lle <span style=\"color: #638906;\">keinesfalls im Haushalt<\/span> entsorgen. In diesem Sinne unterst\u00fctzen Sie nicht nur die Umwelt, sondern reduzieren ebenso die Entsorgungskosten.[\/vc_column_text][\/vc_tta_section][vc_tta_section title=&#8220;Sinnvolle Wiederverwertung&#8220; tab_id=&#8220;1582195239815-5ff50f28-1de3&#8243;][vc_column_text]Leere Tonerkartuschen geh\u00f6ren nicht zu wertlosen Abf\u00e4llen, sondern k\u00f6nnen ideal zur Wiederverwertung hergestellt werden. Mit dieser Wiedergewinnung erm\u00f6glichen wir im besten Fall ein <span style=\"color: #638906;\">Kreislauf von Materialien<\/span> , wodurch restliche Abf\u00e4lle sinnvoll wieder genutzt werden. In der Abfallwirtschaft <span style=\"color: #638906;\">ist der M\u00fcll am wertvollsten, der nicht anf\u00e4llt<\/span>.<\/p>\n<p>Um f\u00fcr eine <span style=\"color: #638906;\">gute Qualit\u00e4t<\/span> bei Kartuschen zu sorgen, findet ein verwickelter Prozess statt. Im ersten Vorgang werden die Kartuschen ge\u00f6ffnet und Verschlei\u00dfteile, sowie Zahnr\u00e4der oder Fotoleitertrommel weggenommen. Danach wird der Resttoner rausgesaugt. Die entnommenen Teile kommen ins Recycling und werden f\u00fcr <span style=\"color: #638906;\">neue Produkte<\/span> zur Herstellung benutzt.[\/vc_column_text][\/vc_tta_section][\/vc_tta_accordion][\/vc_column][\/vc_row][vc_row][vc_column][vc_custom_heading text=&#8220;Unsere Referenzen&#8220; font_container=&#8220;tag:p|text_align:left&#8220; use_theme_fonts=&#8220;yes&#8220; el_class=&#8220;title-h4&#8243;][vc_row_inner][vc_column_inner width=&#8220;1\/4&#8243;][vc_single_image image=&#8220;29504&#8243; img_size=&#8220;full&#8220; style=&#8220;vc_box_outline&#8220; onclick=&#8220;custom_link&#8220; img_link_target=&#8220;_blank&#8220; link=&#8220;https:\/\/marktkauf.de\/&#8220;][vc_column_text]<\/p>\n<p style=\"text-align: center;\"><a href=\"https:\/\/marktkauf.de\/\" target=\"_blank\" rel=\"noopener noreferrer\"><strong>MARKTKAUF<\/strong><\/a><\/p>\n<p>[\/vc_column_text][\/vc_column_inner][vc_column_inner width=&#8220;1\/4&#8243;][vc_single_image image=&#8220;29463&#8243; img_size=&#8220;full&#8220; style=&#8220;vc_box_outline&#8220; onclick=&#8220;custom_link&#8220; img_link_target=&#8220;_blank&#8220; link=&#8220;https:\/\/www.famila.de\/&#8220;][vc_column_text]<\/p>\n<p style=\"text-align: center;\"><a href=\"https:\/\/www.famila.de\/\" target=\"_blank\" rel=\"noopener noreferrer\"><strong>FAMILA<\/strong><\/a><\/p>\n<p>[\/vc_column_text][\/vc_column_inner][vc_column_inner width=&#8220;1\/4&#8243;][vc_single_image image=&#8220;29501&#8243; img_size=&#8220;full&#8220; style=&#8220;vc_box_outline&#8220; onclick=&#8220;custom_link&#8220; img_link_target=&#8220;_blank&#8220; link=&#8220;https:\/\/freykissel.org\/SBK\/&#8220;][vc_column_text]<\/p>\n<p style=\"text-align: center;\"><a href=\"https:\/\/freykissel.org\/SBK\/\" target=\"_blank\" rel=\"noopener noreferrer\"><strong>SBK<\/strong><\/a><\/p>\n<p>[\/vc_column_text][\/vc_column_inner][vc_column_inner width=&#8220;1\/4&#8243;][vc_single_image image=&#8220;29502&#8243; img_size=&#8220;full&#8220; style=&#8220;vc_box_outline&#8220; onclick=&#8220;custom_link&#8220; img_link_target=&#8220;_blank&#8220; link=&#8220;https:\/\/www.v-markt.de\/&#8220;][vc_column_text]<\/p>\n<p style=\"text-align: center;\"><a href=\"https:\/\/www.v-markt.de\/\" target=\"_blank\" rel=\"noopener noreferrer\"><strong>V-MARKT<\/strong><\/a><\/p>\n<p>[\/vc_column_text][\/vc_column_inner][\/vc_row_inner][vc_row_inner][vc_column_inner width=&#8220;1\/4&#8243;][vc_single_image image=&#8220;30273&#8243; img_size=&#8220;full&#8220; style=&#8220;vc_box_outline&#8220; onclick=&#8220;custom_link&#8220; img_link_target=&#8220;_blank&#8220; link=&#8220;https:\/\/real-markt.de\/&#8220;][vc_column_text]<\/p>\n<p style=\"text-align: center;\"><a href=\"https:\/\/www.real-markt.de\/\" target=\"_blank\" rel=\"noopener noreferrer\"><strong>REAL MARKT<\/strong><\/a><\/p>\n<p>[\/vc_column_text][\/vc_column_inner][vc_column_inner width=&#8220;1\/4&#8243;][vc_single_image image=&#8220;29769&#8243; img_size=&#8220;full&#8220; style=&#8220;vc_box_outline&#8220; onclick=&#8220;custom_link&#8220; img_link_target=&#8220;_blank&#8220; link=&#8220;https:\/\/www.expert.at\/&#8220;][vc_column_text]<\/p>\n<p style=\"text-align: center;\"><a href=\"https:\/\/www.expert.at\/\" target=\"_blank\" rel=\"noopener noreferrer\"><strong>EXPERT<\/strong><\/a><\/p>\n<p>[\/vc_column_text][\/vc_column_inner][vc_column_inner width=&#8220;1\/4&#8243;][\/vc_column_inner][vc_column_inner width=&#8220;1\/4&#8243;][\/vc_column_inner][\/vc_row_inner][\/vc_column][\/vc_row][vc_row][vc_column][vc_column_text][\/vc_column_text][\/vc_column][\/vc_row]<\/p>\n<\/div>","protected":false},"excerpt":{"rendered":"<p>[vc_row][vc_column][vc_column_text][\/vc_column_text][\/vc_column][\/vc_row][vc_row][vc_column][vc_custom_heading text=&#8220;Ihr Markt im Zeichen des Umweltschutzes&#8220; use_theme_fonts=&#8220;yes&#8220; css=&#8220;.vc_custom_1563355859228{margin-bottom: 0px !important;}&#8220; el_class=&#8220;title-h1&#8243;][vc_custom_heading text=&#8220;Neukunden und besseres Image als Partner der Umweltbox&#8220;&#8230;<\/p>\n","protected":false},"author":1,"featured_media":0,"parent":29158,"menu_order":0,"comment_status":"closed","ping_status":"closed","template":"","meta":{"footnotes":""},"class_list":["post-28902","page","type-page","status-publish"],"yoast_head":"<!-- This site is optimized with the Yoast SEO plugin v26.7 - https:\/\/yoast.com\/wordpress\/plugins\/seo\/ -->\n<title>M\u00e4rkte unterst\u00fctzen den Umweltschutz - Umweltbox f\u00fcr M\u00e4rkte<\/title>\n<meta name=\"description\" content=\"M\u00e4rkte jeder Art k\u00f6nnen mit der Umweltbox nicht nur Stammkunden, sondern auch Neukunden zum Sammeln f\u00fcr die Umwelt ansprechen.\" \/>\n<meta name=\"robots\" content=\"index, follow, max-snippet:-1, max-image-preview:large, max-video-preview:-1\" \/>\n<link rel=\"canonical\" href=\"https:\/\/www.umweltbox.com\/at\/sammelpartner-werden\/fuer-maerkte\/\" \/>\n<meta property=\"og:locale\" content=\"de_DE\" \/>\n<meta property=\"og:type\" content=\"article\" \/>\n<meta property=\"og:title\" content=\"M\u00e4rkte unterst\u00fctzen den Umweltschutz - Umweltbox f\u00fcr M\u00e4rkte\" \/>\n<meta property=\"og:description\" content=\"M\u00e4rkte jeder Art k\u00f6nnen mit der Umweltbox nicht nur Stammkunden, sondern auch Neukunden zum Sammeln f\u00fcr die Umwelt ansprechen.\" \/>\n<meta property=\"og:url\" content=\"https:\/\/www.umweltbox.com\/at\/sammelpartner-werden\/fuer-maerkte\/\" \/>\n<meta property=\"og:site_name\" content=\"Umweltbox\" \/>\n<meta property=\"article:publisher\" content=\"https:\/\/www.facebook.com\/umweltbox.de\/\" \/>\n<meta property=\"article:modified_time\" content=\"2025-09-10T06:34:04+00:00\" \/>\n<meta name=\"twitter:card\" content=\"summary_large_image\" \/>\n<meta name=\"twitter:label1\" content=\"Gesch\u00e4tzte Lesezeit\" \/>\n\t<meta name=\"twitter:data1\" content=\"6\u00a0Minuten\" \/>\n<script type=\"application\/ld+json\" class=\"yoast-schema-graph\">{\"@context\":\"https:\/\/schema.org\",\"@graph\":[{\"@type\":\"WebPage\",\"@id\":\"https:\/\/www.umweltbox.com\/at\/sammelpartner-werden\/fuer-maerkte\/\",\"url\":\"https:\/\/www.umweltbox.com\/at\/sammelpartner-werden\/fuer-maerkte\/\",\"name\":\"M\u00e4rkte unterst\u00fctzen den Umweltschutz - Umweltbox f\u00fcr M\u00e4rkte\",\"isPartOf\":{\"@id\":\"https:\/\/www.umweltbox.com\/at\/#website\"},\"datePublished\":\"2019-07-17T08:36:50+00:00\",\"dateModified\":\"2025-09-10T06:34:04+00:00\",\"description\":\"M\u00e4rkte jeder Art k\u00f6nnen mit der Umweltbox nicht nur Stammkunden, sondern auch Neukunden zum Sammeln f\u00fcr die Umwelt ansprechen.\",\"breadcrumb\":{\"@id\":\"https:\/\/www.umweltbox.com\/at\/sammelpartner-werden\/fuer-maerkte\/#breadcrumb\"},\"inLanguage\":\"de\",\"potentialAction\":[{\"@type\":\"ReadAction\",\"target\":[[\"https:\/\/www.umweltbox.com\/at\/sammelpartner-werden\/fuer-maerkte\/\"]]}]},{\"@type\":\"BreadcrumbList\",\"@id\":\"https:\/\/www.umweltbox.com\/at\/sammelpartner-werden\/fuer-maerkte\/#breadcrumb\",\"itemListElement\":[{\"@type\":\"ListItem\",\"position\":1,\"name\":\"Startseite\",\"item\":\"https:\/\/www.umweltbox.com\/at\/\"},{\"@type\":\"ListItem\",\"position\":2,\"name\":\"Sammelpartner werden\",\"item\":\"https:\/\/www.umweltbox.com\/at\/sammelpartner-werden\/\"},{\"@type\":\"ListItem\",\"position\":3,\"name\":\"Umweltbox f\u00fcr M\u00e4rkte\"}]},{\"@type\":\"WebSite\",\"@id\":\"https:\/\/www.umweltbox.com\/at\/#website\",\"url\":\"https:\/\/www.umweltbox.com\/at\/\",\"name\":\"Umweltbox\",\"description\":\"Druckerpatronen sammeln, recyclen und die Umwelt entlasten\",\"publisher\":{\"@id\":\"https:\/\/www.umweltbox.com\/at\/#organization\"},\"potentialAction\":[{\"@type\":\"SearchAction\",\"target\":{\"@type\":\"EntryPoint\",\"urlTemplate\":\"https:\/\/www.umweltbox.com\/at\/?s={search_term_string}\"},\"query-input\":{\"@type\":\"PropertyValueSpecification\",\"valueRequired\":true,\"valueName\":\"search_term_string\"}}],\"inLanguage\":\"de\"},{\"@type\":\"Organization\",\"@id\":\"https:\/\/www.umweltbox.com\/at\/#organization\",\"name\":\"Denner GmbH\",\"url\":\"https:\/\/www.umweltbox.com\/at\/\",\"logo\":{\"@type\":\"ImageObject\",\"inLanguage\":\"de\",\"@id\":\"https:\/\/www.umweltbox.com\/at\/#\/schema\/logo\/image\/\",\"url\":\"https:\/\/www.umweltbox.com\/wp-content\/uploads\/2019\/06\/logo_umweltbox_3x.png\",\"contentUrl\":\"https:\/\/www.umweltbox.com\/wp-content\/uploads\/2019\/06\/logo_umweltbox_3x.png\",\"width\":507,\"height\":180,\"caption\":\"Denner GmbH\"},\"image\":{\"@id\":\"https:\/\/www.umweltbox.com\/at\/#\/schema\/logo\/image\/\"},\"sameAs\":[\"https:\/\/www.facebook.com\/umweltbox.de\/\",\"https:\/\/www.instagram.com\/umweltbox\/\"]}]}<\/script>\n<!-- \/ Yoast SEO plugin. -->","yoast_head_json":{"title":"M\u00e4rkte unterst\u00fctzen den Umweltschutz - Umweltbox f\u00fcr M\u00e4rkte","description":"M\u00e4rkte jeder Art k\u00f6nnen mit der Umweltbox nicht nur Stammkunden, sondern auch Neukunden zum Sammeln f\u00fcr die Umwelt ansprechen.","robots":{"index":"index","follow":"follow","max-snippet":"max-snippet:-1","max-image-preview":"max-image-preview:large","max-video-preview":"max-video-preview:-1"},"canonical":"https:\/\/www.umweltbox.com\/at\/sammelpartner-werden\/fuer-maerkte\/","og_locale":"de_DE","og_type":"article","og_title":"M\u00e4rkte unterst\u00fctzen den Umweltschutz - Umweltbox f\u00fcr M\u00e4rkte","og_description":"M\u00e4rkte jeder Art k\u00f6nnen mit der Umweltbox nicht nur Stammkunden, sondern auch Neukunden zum Sammeln f\u00fcr die Umwelt ansprechen.","og_url":"https:\/\/www.umweltbox.com\/at\/sammelpartner-werden\/fuer-maerkte\/","og_site_name":"Umweltbox","article_publisher":"https:\/\/www.facebook.com\/umweltbox.de\/","article_modified_time":"2025-09-10T06:34:04+00:00","twitter_card":"summary_large_image","twitter_misc":{"Gesch\u00e4tzte Lesezeit":"6\u00a0Minuten"},"schema":{"@context":"https:\/\/schema.org","@graph":[{"@type":"WebPage","@id":"https:\/\/www.umweltbox.com\/at\/sammelpartner-werden\/fuer-maerkte\/","url":"https:\/\/www.umweltbox.com\/at\/sammelpartner-werden\/fuer-maerkte\/","name":"M\u00e4rkte unterst\u00fctzen den Umweltschutz - Umweltbox f\u00fcr M\u00e4rkte","isPartOf":{"@id":"https:\/\/www.umweltbox.com\/at\/#website"},"datePublished":"2019-07-17T08:36:50+00:00","dateModified":"2025-09-10T06:34:04+00:00","description":"M\u00e4rkte jeder Art k\u00f6nnen mit der Umweltbox nicht nur Stammkunden, sondern auch Neukunden zum Sammeln f\u00fcr die Umwelt ansprechen.","breadcrumb":{"@id":"https:\/\/www.umweltbox.com\/at\/sammelpartner-werden\/fuer-maerkte\/#breadcrumb"},"inLanguage":"de","potentialAction":[{"@type":"ReadAction","target":[["https:\/\/www.umweltbox.com\/at\/sammelpartner-werden\/fuer-maerkte\/"]]}]},{"@type":"BreadcrumbList","@id":"https:\/\/www.umweltbox.com\/at\/sammelpartner-werden\/fuer-maerkte\/#breadcrumb","itemListElement":[{"@type":"ListItem","position":1,"name":"Startseite","item":"https:\/\/www.umweltbox.com\/at\/"},{"@type":"ListItem","position":2,"name":"Sammelpartner werden","item":"https:\/\/www.umweltbox.com\/at\/sammelpartner-werden\/"},{"@type":"ListItem","position":3,"name":"Umweltbox f\u00fcr M\u00e4rkte"}]},{"@type":"WebSite","@id":"https:\/\/www.umweltbox.com\/at\/#website","url":"https:\/\/www.umweltbox.com\/at\/","name":"Umweltbox","description":"Druckerpatronen sammeln, recyclen und die Umwelt entlasten","publisher":{"@id":"https:\/\/www.umweltbox.com\/at\/#organization"},"potentialAction":[{"@type":"SearchAction","target":{"@type":"EntryPoint","urlTemplate":"https:\/\/www.umweltbox.com\/at\/?s={search_term_string}"},"query-input":{"@type":"PropertyValueSpecification","valueRequired":true,"valueName":"search_term_string"}}],"inLanguage":"de"},{"@type":"Organization","@id":"https:\/\/www.umweltbox.com\/at\/#organization","name":"Denner GmbH","url":"https:\/\/www.umweltbox.com\/at\/","logo":{"@type":"ImageObject","inLanguage":"de","@id":"https:\/\/www.umweltbox.com\/at\/#\/schema\/logo\/image\/","url":"https:\/\/www.umweltbox.com\/wp-content\/uploads\/2019\/06\/logo_umweltbox_3x.png","contentUrl":"https:\/\/www.umweltbox.com\/wp-content\/uploads\/2019\/06\/logo_umweltbox_3x.png","width":507,"height":180,"caption":"Denner GmbH"},"image":{"@id":"https:\/\/www.umweltbox.com\/at\/#\/schema\/logo\/image\/"},"sameAs":["https:\/\/www.facebook.com\/umweltbox.de\/","https:\/\/www.instagram.com\/umweltbox\/"]}]}},"_links":{"self":[{"href":"https:\/\/www.umweltbox.com\/at\/wp-json\/wp\/v2\/pages\/28902","targetHints":{"allow":["GET"]}}],"collection":[{"href":"https:\/\/www.umweltbox.com\/at\/wp-json\/wp\/v2\/pages"}],"about":[{"href":"https:\/\/www.umweltbox.com\/at\/wp-json\/wp\/v2\/types\/page"}],"author":[{"embeddable":true,"href":"https:\/\/www.umweltbox.com\/at\/wp-json\/wp\/v2\/users\/1"}],"replies":[{"embeddable":true,"href":"https:\/\/www.umweltbox.com\/at\/wp-json\/wp\/v2\/comments?post=28902"}],"version-history":[{"count":79,"href":"https:\/\/www.umweltbox.com\/at\/wp-json\/wp\/v2\/pages\/28902\/revisions"}],"predecessor-version":[{"id":30754,"href":"https:\/\/www.umweltbox.com\/at\/wp-json\/wp\/v2\/pages\/28902\/revisions\/30754"}],"up":[{"embeddable":true,"href":"https:\/\/www.umweltbox.com\/at\/wp-json\/wp\/v2\/pages\/29158"}],"wp:attachment":[{"href":"https:\/\/www.umweltbox.com\/at\/wp-json\/wp\/v2\/media?parent=28902"}],"curies":[{"name":"wp","href":"https:\/\/api.w.org\/{rel}","templated":true}]}}