{"id":28895,"date":"2019-07-17T09:37:20","date_gmt":"2019-07-17T07:37:20","guid":{"rendered":"https:\/\/www.umweltbox.com\/?page_id=28895"},"modified":"2025-09-10T08:39:23","modified_gmt":"2025-09-10T06:39:23","slug":"fuer-vereine","status":"publish","type":"page","link":"https:\/\/www.umweltbox.com\/at\/sammelpartner-werden\/fuer-vereine\/","title":{"rendered":"Umweltbox f\u00fcr Vereine"},"content":{"rendered":"<div class=\"wpb-content-wrapper\"><p>[vc_row][vc_column][vc_column_text][\/vc_column_text][\/vc_column][\/vc_row][vc_row][vc_column][vc_custom_heading text=&#8220;Mit vereinten Kr\u00e4ften die Umwelt sch\u00fctzen&#8220; use_theme_fonts=&#8220;yes&#8220; css=&#8220;.vc_custom_1563366410609{margin-bottom: 0px !important;}&#8220; el_class=&#8220;title-h1&#8243;][vc_custom_heading text=&#8220;Die Umweltbox als neues Vereinsmitglied&#8220; font_container=&#8220;tag:p|text_align:left&#8220; use_theme_fonts=&#8220;yes&#8220; el_class=&#8220;title-h4&#8243;][\/vc_column][\/vc_row][vc_row][vc_column width=&#8220;1\/2&#8243;][vc_column_text]Pr\u00e4sentieren Sie Ihren Verein im Zeichen der Umweltbox und zeigen Sie Ihren BesucherInnen, dass Ihnen <strong>Umweltschutz<\/strong> und <strong>Nachhaltigkeit<\/strong> am Herzen liegt. Ob Sport-, Kultur- oder Musische Vereine, jede Vereinsart ist hier gefragt, um mit der Sammelbox die Umwelt zu sch\u00fctzen. Je gr\u00f6\u00dfer die Vereine sind, umso mehr Personen erwecken ihr Interesse daran, die Umwelt zu entlasten.<\/p>\n<p>Neben dem Umweltgedanken, ist die Umweltbox auch starker Partner in der <strong>Nachwuchsf\u00f6rderung<\/strong>. Somit flie\u00dfen die Erl\u00f6se, die die VereinsmitgliederInnen mit den Umweltboxen generieren zu <strong>100%<\/strong> an die Sportvereine zur\u00fcck. Das Geld kann dann f\u00fcr die Beschaffung von Sportger\u00e4ten, <strong>F\u00f6rderung von TrainerIn<\/strong> &amp; SpielerInnen oder Teambuildings genutzt werden. Eine <strong>win-win Situation<\/strong> f\u00fcr alle!<\/p>\n<p>Sie wollen auch Ihren Verein f\u00f6rdern und den Nachwuchs st\u00e4rken? Dann bestellen Sie unsere <strong>kostenfreien<\/strong> Umweltboxen und geben Sie den Startschuss zum Sammeln von Druckerleergut.<\/p>\n<p><strong>1. Umweltbox aufstellen<\/strong><br \/>\nDie Umweltbox wird von uns f\u00fcr Ihren Verein in gew\u00fcnschter Gr\u00f6\u00dfe zur Verf\u00fcgung gestellt. Schauen Sie sich unsere <a href=\"https:\/\/www.umweltbox.com\/at\/gratis-sammelboxen\/\">Sammelboxvarianten<\/a> an.<\/p>\n<p><strong>2. Sammeln<\/strong><br \/>\nDie leeren Druckerpatronen und Toner k\u00f6nnen von den Vereinsmitgliedern und deren Familien gezielt in der Umweltbox entsorgt werden. Eine Anleitung wie das Sammeln funktioniert, finden Sie in unserem <a href=\"https:\/\/www.umweltbox.com\/wp-content\/uploads\/2023\/04\/AT_Sammelleitfaden-_211_529-1.pdf\" target=\"_blank\" rel=\"noopener noreferrer\">Sammelleitfaden<\/a>.<\/p>\n<p><strong>3. Abholen lassen<\/strong><br \/>\nNach Kontaktaufnahme veranlassen wir die kostenlose <a href=\"https:\/\/www.umweltbox.com\/abholung\/\">Abholung<\/a> der vollen Sammelbox.[\/vc_column_text]<style type=\"text\/css\">.thegem-button-6a04d204c56736045 .gem-button svg {fill: #ffffff;}.thegem-button-6a04d204c56736045 .gem-button:hover svg {fill: #ffffff;}<\/style><div class=\"gem-button-container gem-button-position-fullwidth thegem-button-6a04d204c56736045    \"  ><a class=\"gem-button gem-button-size-medium gem-button-style-flat gem-button-text-weight-normal\" data-ll-effect=\"drop-right-without-wrap\" style=\"border-radius: 3px;background-color: #638906;color: #ffffff;\" onmouseleave=\"this.style.backgroundColor='#638906';this.style.color='#ffffff';\" onmouseenter=\"this.style.backgroundColor='#95BC1D';this.style.color='#ffffff';\" href=\"http:\/\/www.umweltbox.com\/at\/sammelpartner-werden\/#anmeldeformular\" target=\"_self\">Jetzt registrieren<\/a><\/div> [\/vc_column][vc_column width=&#8220;1\/2&#8243;][vc_single_image image=&#8220;29892&#8243; img_size=&#8220;full&#8220; style=&#8220;vc_box_outline&#8220;][vc_single_image image=&#8220;29893&#8243; img_size=&#8220;full&#8220; style=&#8220;vc_box_outline&#8220;][\/vc_column][\/vc_row][vc_row][vc_column][vc_tta_accordion style=&#8220;flat&#8220; shape=&#8220;round&#8220; color=&#8220;grey&#8220; c_icon=&#8220;outlined_rounded&#8220; active_section=&#8220;0&#8243; collapsible_all=&#8220;true&#8220; css=&#8220;.vc_custom_1582204283285{border-top-width: 2px !important;border-right-width: 2px !important;border-bottom-width: 2px !important;border-left-width: 2px !important;padding-top: 10px !important;padding-right: 10px !important;padding-bottom: 10px !important;padding-left: 10px !important;border-left-color: #95bc1d !important;border-left-style: solid !important;border-right-color: #95bc1d !important;border-right-style: solid !important;border-top-color: #95bc1d !important;border-top-style: solid !important;border-bottom-color: #95bc1d !important;border-bottom-style: solid !important;border-radius: 10px !important;}&#8220;][vc_tta_section title=&#8220;Richtig entsorgen&#8220; tab_id=&#8220;1582203838320-799c367f-46dd&#8220;][vc_column_text]F\u00fcr eine optimale Entsorgung, ben\u00f6tigen Sie f\u00fcr Abf\u00e4lle die<span style=\"color: #638906;\"> richtigen Entsorgungsvarianten<\/span>, so dass sie keine Gef\u00e4hrdung f\u00fcr die Umwelt darstellen. Mit der M\u00fclltrennung erledigen Sie den ersten Schritt zum Recycling. Aus dem Grund stellen wir Ihnen s\u00e4mtliche Sammelboxen f\u00fcr eine bessere Umwelt zur Verf\u00fcgung.<\/p>\n<p>Sowohl Tonerkartuschen als auch die Druckerpatronen geh\u00f6ren zur Kategorie Sonderm\u00fcll, somit d\u00fcrfen Sie diese Abf\u00e4lle<span style=\"color: #638906;\"> keinesfalls im Haushalt<\/span> entsorgen. In diesem Sinne unterst\u00fctzen Sie nicht nur die Umwelt, sondern reduzieren ebenso die Entsorgungskosten.[\/vc_column_text][\/vc_tta_section][vc_tta_section title=&#8220;Sinnvolle Wiederverwertung&#8220; tab_id=&#8220;1582203838354-654d70d7-a46b&#8220;][vc_column_text]Leere Tonerkartuschen geh\u00f6ren nicht zu wertlosen Abf\u00e4llen, sondern k\u00f6nnen ideal zur Wiederverwertung hergestellt werden. Mit dieser Wiedergewinnung erm\u00f6glichen wir im besten Fall ein <span style=\"color: #638906;\">Kreislauf von Materialien<\/span>, wodurch restliche Abf\u00e4lle sinnvoll wieder genutzt werden. In der Abfallwirtschaft ist der M\u00fcll am wertvollsten, der nicht anf\u00e4llt.<\/p>\n<p>Um f\u00fcr eine <span style=\"color: #638906;\">gute Qualit\u00e4t<\/span> bei Kartuschen zu sorgen, findet ein verwickelter Prozess statt. Im ersten Vorgang werden die leeren Kartuschen ge\u00f6ffnet und Verschlei\u00dfteile, sowie Zahnr\u00e4der oder Fotoleitertrommel weggenommen. Danach wird der Resttoner rausgesaugt. Die entnommenen Teile kommen ins Recycling und werden f\u00fcr <span style=\"color: #638906;\">neue Produkte<\/span> zur Herstellung benutzt.[\/vc_column_text][\/vc_tta_section][\/vc_tta_accordion][\/vc_column][\/vc_row][vc_row][vc_column][vc_column_text][\/vc_column_text][\/vc_column][\/vc_row][vc_row][vc_column][vc_custom_heading text=&#8220;Unsere Referenzen&#8220; font_container=&#8220;tag:p|text_align:left&#8220; use_theme_fonts=&#8220;yes&#8220; el_class=&#8220;title-h4&#8243;][vc_row_inner][vc_column_inner width=&#8220;1\/4&#8243;][vc_single_image image=&#8220;30276&#8243; img_size=&#8220;full&#8220; style=&#8220;vc_box_outline&#8220; onclick=&#8220;custom_link&#8220; css=&#8220;&#8220; link=&#8220;https:\/\/www.firstviennafc.at\/&#8220;][vc_column_text]<\/p>\n<p style=\"text-align: center;\"><strong>First Vienna FC<br \/>\n<\/strong><\/p>\n<p>[\/vc_column_text][\/vc_column_inner][vc_column_inner width=&#8220;1\/4&#8243;][vc_single_image image=&#8220;30277&#8243; img_size=&#8220;full&#8220; style=&#8220;vc_box_outline&#8220; onclick=&#8220;custom_link&#8220; css=&#8220;&#8220; link=&#8220;https:\/\/fk-austria.at\/&#8220;][vc_column_text]<\/p>\n<p style=\"text-align: center;\"><strong>FK Austria Wien<\/strong><\/p>\n<p>[\/vc_column_text][\/vc_column_inner][vc_column_inner width=&#8220;1\/4&#8243;][\/vc_column_inner][vc_column_inner width=&#8220;1\/4&#8243;][\/vc_column_inner][\/vc_row_inner][\/vc_column][\/vc_row][vc_row][vc_column][\/vc_column][\/vc_row][vc_row][vc_column][\/vc_column][\/vc_row]<\/p>\n<\/div>","protected":false},"excerpt":{"rendered":"<p>[vc_row][vc_column][vc_column_text][\/vc_column_text][\/vc_column][\/vc_row][vc_row][vc_column][vc_custom_heading text=&#8220;Mit vereinten Kr\u00e4ften die Umwelt sch\u00fctzen&#8220; use_theme_fonts=&#8220;yes&#8220; css=&#8220;.vc_custom_1563366410609{margin-bottom: 0px !important;}&#8220; el_class=&#8220;title-h1&#8243;][vc_custom_heading text=&#8220;Die Umweltbox als neues Vereinsmitglied&#8220; font_container=&#8220;tag:p|text_align:left&#8220; use_theme_fonts=&#8220;yes&#8220; el_class=&#8220;title-h4&#8243;][\/vc_column][\/vc_row][vc_row][vc_column&#8230;<\/p>\n","protected":false},"author":1,"featured_media":0,"parent":29158,"menu_order":0,"comment_status":"closed","ping_status":"closed","template":"","meta":{"footnotes":""},"class_list":["post-28895","page","type-page","status-publish"],"yoast_head":"<!-- This site is optimized with the Yoast SEO plugin v26.7 - https:\/\/yoast.com\/wordpress\/plugins\/seo\/ -->\n<title>Vereine setzen ein Zeichen - Umweltbox f\u00fcr Vereine<\/title>\n<meta name=\"description\" content=\"S\u00e4mtliche Vereine k\u00f6nnen einen einfachen Beitrag f\u00fcr die Umwelt leisten. \u00dcberzeugen Sie Ihre Vereinsmitlglieder zum Sammeln von leeren Druckerpatronen.\" \/>\n<meta name=\"robots\" content=\"index, follow, max-snippet:-1, max-image-preview:large, max-video-preview:-1\" \/>\n<link rel=\"canonical\" href=\"https:\/\/www.umweltbox.com\/at\/sammelpartner-werden\/fuer-vereine\/\" \/>\n<meta property=\"og:locale\" content=\"de_DE\" \/>\n<meta property=\"og:type\" content=\"article\" \/>\n<meta property=\"og:title\" content=\"Vereine setzen ein Zeichen - Umweltbox f\u00fcr Vereine\" \/>\n<meta property=\"og:description\" content=\"S\u00e4mtliche Vereine k\u00f6nnen einen einfachen Beitrag f\u00fcr die Umwelt leisten. \u00dcberzeugen Sie Ihre Vereinsmitlglieder zum Sammeln von leeren Druckerpatronen.\" \/>\n<meta property=\"og:url\" content=\"https:\/\/www.umweltbox.com\/at\/sammelpartner-werden\/fuer-vereine\/\" \/>\n<meta property=\"og:site_name\" content=\"Umweltbox\" \/>\n<meta property=\"article:publisher\" content=\"https:\/\/www.facebook.com\/umweltbox.de\/\" \/>\n<meta property=\"article:modified_time\" content=\"2025-09-10T06:39:23+00:00\" \/>\n<meta name=\"twitter:card\" content=\"summary_large_image\" \/>\n<meta name=\"twitter:label1\" content=\"Gesch\u00e4tzte Lesezeit\" \/>\n\t<meta name=\"twitter:data1\" content=\"5\u00a0Minuten\" \/>\n<script type=\"application\/ld+json\" class=\"yoast-schema-graph\">{\"@context\":\"https:\/\/schema.org\",\"@graph\":[{\"@type\":\"WebPage\",\"@id\":\"https:\/\/www.umweltbox.com\/at\/sammelpartner-werden\/fuer-vereine\/\",\"url\":\"https:\/\/www.umweltbox.com\/at\/sammelpartner-werden\/fuer-vereine\/\",\"name\":\"Vereine setzen ein Zeichen - Umweltbox f\u00fcr Vereine\",\"isPartOf\":{\"@id\":\"https:\/\/www.umweltbox.com\/at\/#website\"},\"datePublished\":\"2019-07-17T07:37:20+00:00\",\"dateModified\":\"2025-09-10T06:39:23+00:00\",\"description\":\"S\u00e4mtliche Vereine k\u00f6nnen einen einfachen Beitrag f\u00fcr die Umwelt leisten. \u00dcberzeugen Sie Ihre Vereinsmitlglieder zum Sammeln von leeren Druckerpatronen.\",\"breadcrumb\":{\"@id\":\"https:\/\/www.umweltbox.com\/at\/sammelpartner-werden\/fuer-vereine\/#breadcrumb\"},\"inLanguage\":\"de\",\"potentialAction\":[{\"@type\":\"ReadAction\",\"target\":[[\"https:\/\/www.umweltbox.com\/at\/sammelpartner-werden\/fuer-vereine\/\"]]}]},{\"@type\":\"BreadcrumbList\",\"@id\":\"https:\/\/www.umweltbox.com\/at\/sammelpartner-werden\/fuer-vereine\/#breadcrumb\",\"itemListElement\":[{\"@type\":\"ListItem\",\"position\":1,\"name\":\"Startseite\",\"item\":\"https:\/\/www.umweltbox.com\/at\/\"},{\"@type\":\"ListItem\",\"position\":2,\"name\":\"Sammelpartner werden\",\"item\":\"https:\/\/www.umweltbox.com\/at\/sammelpartner-werden\/\"},{\"@type\":\"ListItem\",\"position\":3,\"name\":\"Umweltbox f\u00fcr Vereine\"}]},{\"@type\":\"WebSite\",\"@id\":\"https:\/\/www.umweltbox.com\/at\/#website\",\"url\":\"https:\/\/www.umweltbox.com\/at\/\",\"name\":\"Umweltbox\",\"description\":\"Druckerpatronen sammeln, recyclen und die Umwelt entlasten\",\"publisher\":{\"@id\":\"https:\/\/www.umweltbox.com\/at\/#organization\"},\"potentialAction\":[{\"@type\":\"SearchAction\",\"target\":{\"@type\":\"EntryPoint\",\"urlTemplate\":\"https:\/\/www.umweltbox.com\/at\/?s={search_term_string}\"},\"query-input\":{\"@type\":\"PropertyValueSpecification\",\"valueRequired\":true,\"valueName\":\"search_term_string\"}}],\"inLanguage\":\"de\"},{\"@type\":\"Organization\",\"@id\":\"https:\/\/www.umweltbox.com\/at\/#organization\",\"name\":\"Denner GmbH\",\"url\":\"https:\/\/www.umweltbox.com\/at\/\",\"logo\":{\"@type\":\"ImageObject\",\"inLanguage\":\"de\",\"@id\":\"https:\/\/www.umweltbox.com\/at\/#\/schema\/logo\/image\/\",\"url\":\"https:\/\/www.umweltbox.com\/wp-content\/uploads\/2019\/06\/logo_umweltbox_3x.png\",\"contentUrl\":\"https:\/\/www.umweltbox.com\/wp-content\/uploads\/2019\/06\/logo_umweltbox_3x.png\",\"width\":507,\"height\":180,\"caption\":\"Denner GmbH\"},\"image\":{\"@id\":\"https:\/\/www.umweltbox.com\/at\/#\/schema\/logo\/image\/\"},\"sameAs\":[\"https:\/\/www.facebook.com\/umweltbox.de\/\",\"https:\/\/www.instagram.com\/umweltbox\/\"]}]}<\/script>\n<!-- \/ Yoast SEO plugin. -->","yoast_head_json":{"title":"Vereine setzen ein Zeichen - Umweltbox f\u00fcr Vereine","description":"S\u00e4mtliche Vereine k\u00f6nnen einen einfachen Beitrag f\u00fcr die Umwelt leisten. \u00dcberzeugen Sie Ihre Vereinsmitlglieder zum Sammeln von leeren Druckerpatronen.","robots":{"index":"index","follow":"follow","max-snippet":"max-snippet:-1","max-image-preview":"max-image-preview:large","max-video-preview":"max-video-preview:-1"},"canonical":"https:\/\/www.umweltbox.com\/at\/sammelpartner-werden\/fuer-vereine\/","og_locale":"de_DE","og_type":"article","og_title":"Vereine setzen ein Zeichen - Umweltbox f\u00fcr Vereine","og_description":"S\u00e4mtliche Vereine k\u00f6nnen einen einfachen Beitrag f\u00fcr die Umwelt leisten. \u00dcberzeugen Sie Ihre Vereinsmitlglieder zum Sammeln von leeren Druckerpatronen.","og_url":"https:\/\/www.umweltbox.com\/at\/sammelpartner-werden\/fuer-vereine\/","og_site_name":"Umweltbox","article_publisher":"https:\/\/www.facebook.com\/umweltbox.de\/","article_modified_time":"2025-09-10T06:39:23+00:00","twitter_card":"summary_large_image","twitter_misc":{"Gesch\u00e4tzte Lesezeit":"5\u00a0Minuten"},"schema":{"@context":"https:\/\/schema.org","@graph":[{"@type":"WebPage","@id":"https:\/\/www.umweltbox.com\/at\/sammelpartner-werden\/fuer-vereine\/","url":"https:\/\/www.umweltbox.com\/at\/sammelpartner-werden\/fuer-vereine\/","name":"Vereine setzen ein Zeichen - Umweltbox f\u00fcr Vereine","isPartOf":{"@id":"https:\/\/www.umweltbox.com\/at\/#website"},"datePublished":"2019-07-17T07:37:20+00:00","dateModified":"2025-09-10T06:39:23+00:00","description":"S\u00e4mtliche Vereine k\u00f6nnen einen einfachen Beitrag f\u00fcr die Umwelt leisten. \u00dcberzeugen Sie Ihre Vereinsmitlglieder zum Sammeln von leeren Druckerpatronen.","breadcrumb":{"@id":"https:\/\/www.umweltbox.com\/at\/sammelpartner-werden\/fuer-vereine\/#breadcrumb"},"inLanguage":"de","potentialAction":[{"@type":"ReadAction","target":[["https:\/\/www.umweltbox.com\/at\/sammelpartner-werden\/fuer-vereine\/"]]}]},{"@type":"BreadcrumbList","@id":"https:\/\/www.umweltbox.com\/at\/sammelpartner-werden\/fuer-vereine\/#breadcrumb","itemListElement":[{"@type":"ListItem","position":1,"name":"Startseite","item":"https:\/\/www.umweltbox.com\/at\/"},{"@type":"ListItem","position":2,"name":"Sammelpartner werden","item":"https:\/\/www.umweltbox.com\/at\/sammelpartner-werden\/"},{"@type":"ListItem","position":3,"name":"Umweltbox f\u00fcr Vereine"}]},{"@type":"WebSite","@id":"https:\/\/www.umweltbox.com\/at\/#website","url":"https:\/\/www.umweltbox.com\/at\/","name":"Umweltbox","description":"Druckerpatronen sammeln, recyclen und die Umwelt entlasten","publisher":{"@id":"https:\/\/www.umweltbox.com\/at\/#organization"},"potentialAction":[{"@type":"SearchAction","target":{"@type":"EntryPoint","urlTemplate":"https:\/\/www.umweltbox.com\/at\/?s={search_term_string}"},"query-input":{"@type":"PropertyValueSpecification","valueRequired":true,"valueName":"search_term_string"}}],"inLanguage":"de"},{"@type":"Organization","@id":"https:\/\/www.umweltbox.com\/at\/#organization","name":"Denner GmbH","url":"https:\/\/www.umweltbox.com\/at\/","logo":{"@type":"ImageObject","inLanguage":"de","@id":"https:\/\/www.umweltbox.com\/at\/#\/schema\/logo\/image\/","url":"https:\/\/www.umweltbox.com\/wp-content\/uploads\/2019\/06\/logo_umweltbox_3x.png","contentUrl":"https:\/\/www.umweltbox.com\/wp-content\/uploads\/2019\/06\/logo_umweltbox_3x.png","width":507,"height":180,"caption":"Denner GmbH"},"image":{"@id":"https:\/\/www.umweltbox.com\/at\/#\/schema\/logo\/image\/"},"sameAs":["https:\/\/www.facebook.com\/umweltbox.de\/","https:\/\/www.instagram.com\/umweltbox\/"]}]}},"_links":{"self":[{"href":"https:\/\/www.umweltbox.com\/at\/wp-json\/wp\/v2\/pages\/28895","targetHints":{"allow":["GET"]}}],"collection":[{"href":"https:\/\/www.umweltbox.com\/at\/wp-json\/wp\/v2\/pages"}],"about":[{"href":"https:\/\/www.umweltbox.com\/at\/wp-json\/wp\/v2\/types\/page"}],"author":[{"embeddable":true,"href":"https:\/\/www.umweltbox.com\/at\/wp-json\/wp\/v2\/users\/1"}],"replies":[{"embeddable":true,"href":"https:\/\/www.umweltbox.com\/at\/wp-json\/wp\/v2\/comments?post=28895"}],"version-history":[{"count":48,"href":"https:\/\/www.umweltbox.com\/at\/wp-json\/wp\/v2\/pages\/28895\/revisions"}],"predecessor-version":[{"id":30756,"href":"https:\/\/www.umweltbox.com\/at\/wp-json\/wp\/v2\/pages\/28895\/revisions\/30756"}],"up":[{"embeddable":true,"href":"https:\/\/www.umweltbox.com\/at\/wp-json\/wp\/v2\/pages\/29158"}],"wp:attachment":[{"href":"https:\/\/www.umweltbox.com\/at\/wp-json\/wp\/v2\/media?parent=28895"}],"curies":[{"name":"wp","href":"https:\/\/api.w.org\/{rel}","templated":true}]}}