{"id":28854,"date":"2019-06-28T11:28:18","date_gmt":"2019-06-28T09:28:18","guid":{"rendered":"https:\/\/www.umweltbox.com\/?page_id=28854"},"modified":"2025-09-10T08:36:05","modified_gmt":"2025-09-10T06:36:05","slug":"fuer-schulen","status":"publish","type":"page","link":"https:\/\/www.umweltbox.com\/at\/sammelpartner-werden\/fuer-schulen\/","title":{"rendered":"Umweltbox f\u00fcr Schulen"},"content":{"rendered":"<div class=\"wpb-content-wrapper\"><p>[vc_row][vc_column][vc_column_text][\/vc_column_text][\/vc_column][\/vc_row][vc_row][vc_column][vc_custom_heading text=&#8220;Umweltschutz f\u00e4ngt klein an&#8220; use_theme_fonts=&#8220;yes&#8220; css=&#8220;.vc_custom_1563349247798{margin-bottom: 0px !important;}&#8220; el_class=&#8220;title-h1&#8243;][vc_custom_heading text=&#8220;Sammeln macht Spa\u00df und spart wichtige Rohstoffe&#8220; font_container=&#8220;tag:p|text_align:left&#8220; use_theme_fonts=&#8220;yes&#8220; el_class=&#8220;title-h4&#8243;][\/vc_column][\/vc_row][vc_row][vc_column width=&#8220;1\/2&#8243;][vc_column_text]Motivieren wir gemeinsam die neue Generation zum Recyceln. Der effektivste Beginn f\u00fcr eine unbelastbare Umwelt f\u00e4ngt bereits bei unserem Nachwuchs an. Kinder werden gro\u00dfteils in Schulen auf die Recycling Box aufmerksam.<\/p>\n<p>Jede Altersgruppe von Kindern bis hin zu Teenies k\u00f6nnen mit der Sammelbox in Schulen und Kinderg\u00e4rten Gutes bewirken. Ein Gro\u00dfteil der handels\u00fcblichen Druckerpatronen und Tonerkartuschen sind wiederbef\u00fcllbar. Sobald mehr Sch\u00fclern diese Tatsache bewusst wird, umso weniger Leergut wird in Zukunft im Hausm\u00fcll landen und unsere Umwelt belasten.<\/p>\n<p>Geben Sie den Kindern die M\u00f6glichkeit f\u00fcr eine gute Tat, indem Sie die Recycling Box in Ihrer Schule platzieren. Ihre Schule kann mit der Umweltbox und engagierten Sch\u00fclern den Umweltschutz unterst\u00fctzen und ein gro\u00dfes Zeichen setzen.<\/p>\n<p><strong>1. Umweltbox aufstellen<\/strong><br \/>\nDie Umweltbox wird von uns f\u00fcr Ihre Schule oder Kindergarten in gew\u00fcnschter Gr\u00f6\u00dfe zur Verf\u00fcgung gestellt. Schauen Sie sich unsere <a href=\"https:\/\/www.umweltbox.com\/at\/gratis-sammelboxen\/\">Sammelboxenvielfalt<\/a> an.<\/p>\n<p><strong>2. Sammeln<\/strong><br \/>\nDie leeren Druckerpatronen und Toner k\u00f6nnen von den Kindern, Eltern und LehrerInnen gezielt in der Umweltbox entsorgt werden. Eine Anleitung wie das Sammeln funktioniert, finden Sie in unserem <a href=\"https:\/\/www.umweltbox.com\/wp-content\/uploads\/2023\/04\/AT_Sammelleitfaden-_211_529-1.pdf\" target=\"_blank\" rel=\"noopener noreferrer\">Sammelleitfaden<\/a>.<\/p>\n<p><strong>3. Abholen lassen<\/strong><br \/>\nNach Kontaktaufnahme veranlassen wir die kostenlose <a href=\"https:\/\/www.umweltbox.com\/abholung\/\">Abholung<\/a> der vollen Sammelbox.[\/vc_column_text]<style type=\"text\/css\">.thegem-button-6a04deb2e47bb6191 .gem-button svg {fill: #ffffff;}.thegem-button-6a04deb2e47bb6191 .gem-button:hover svg {fill: #ffffff;}<\/style><div class=\"gem-button-container gem-button-position-fullwidth thegem-button-6a04deb2e47bb6191    \"  ><a class=\"gem-button gem-button-size-medium gem-button-style-flat gem-button-text-weight-normal\" data-ll-effect=\"drop-right-without-wrap\" style=\"border-radius: 3px;background-color: #638906;color: #ffffff;\" onmouseleave=\"this.style.backgroundColor='#638906';this.style.color='#ffffff';\" onmouseenter=\"this.style.backgroundColor='#95BC1D';this.style.color='#ffffff';\" href=\"http:\/\/www.umweltbox.com\/at\/sammelpartner-werden\/#anmeldeformular\" target=\"_self\">Jetzt registrieren<\/a><\/div> [\/vc_column][vc_column width=&#8220;1\/2&#8243;][vc_single_image image=&#8220;29888&#8243; img_size=&#8220;full&#8220; style=&#8220;vc_box_outline&#8220;][vc_single_image image=&#8220;29889&#8243; img_size=&#8220;full&#8220; style=&#8220;vc_box_outline&#8220;][\/vc_column][\/vc_row][vc_row][vc_column][vc_tta_accordion style=&#8220;flat&#8220; shape=&#8220;round&#8220; color=&#8220;grey&#8220; c_icon=&#8220;outlined_rounded&#8220; active_section=&#8220;0&#8243; collapsible_all=&#8220;true&#8220; css=&#8220;.vc_custom_1582203654573{border-top-width: 2px !important;border-right-width: 2px !important;border-bottom-width: 2px !important;border-left-width: 2px !important;padding-top: 10px !important;padding-right: 10px !important;padding-bottom: 10px !important;padding-left: 10px !important;border-left-color: #95bc1d !important;border-left-style: solid !important;border-right-color: #95bc1d !important;border-right-style: solid !important;border-top-color: #95bc1d !important;border-top-style: solid !important;border-bottom-color: #95bc1d !important;border-bottom-style: solid !important;border-radius: 10px !important;}&#8220;][vc_tta_section title=&#8220;Richtig entsorgen&#8220; tab_id=&#8220;1582196241893-6efeb4ec-5156&#8243;][vc_column_text]F\u00fcr eine optimale Entsorgung, ben\u00f6tigen Sie f\u00fcr Abf\u00e4lle die <span style=\"color: #638906;\">richtigen Entsorgungsvarianten<\/span>, so dass sie keine Gef\u00e4hrdung f\u00fcr die Umwelt darstellen. Mit der M\u00fclltrennung erledigen Sie den ersten Schritt zum Recycling. Aus dem Grund stellen wir Ihnen s\u00e4mtliche Sammelboxen f\u00fcr eine bessere Umwelt zur Verf\u00fcgung.<\/p>\n<p>Sowohl Tonerkartuschen als auch die Druckerpatronen geh\u00f6ren zur Kategorie Sonderm\u00fcll, somit d\u00fcrfen Sie diese Abf\u00e4lle<span style=\"color: #638906;\"> keinesfalls im Haushalt<\/span> entsorgen. In diesem Sinne unterst\u00fctzen Sie nicht nur die Umwelt, sondern reduzieren ebenso die Entsorgungskosten.[\/vc_column_text][\/vc_tta_section][vc_tta_section title=&#8220;Sinnvolle Wiederverwertung&#8220; tab_id=&#8220;1582196241933-ddda283c-7b9c&#8220;][vc_column_text]Leere Tonerkartuschen geh\u00f6ren nicht zu wertlosen Abf\u00e4llen, sondern k\u00f6nnen ideal zur Wiederverwertung hergestellt werden. Mit dieser Wiedergewinnung erm\u00f6glichen wir im besten Fall ein <span style=\"color: #638906;\">Kreislauf von Materialien<\/span> , wodurch restliche Abf\u00e4lle sinnvoll wieder genutzt werden. In der Abfallwirtschaft <span style=\"color: #638906;\">ist der M\u00fcll am wertvollsten, der nicht anf\u00e4llt<\/span>.<\/p>\n<p>Um f\u00fcr eine <span style=\"color: #638906;\">gute Qualit\u00e4t<\/span> bei Kartuschen zu sorgen, findet ein verwickelter Prozess statt. Im ersten Vorgang werden die leeren Kartuschen ge\u00f6ffnet und Verschlei\u00dfteile, sowie Zahnr\u00e4der oder Fotoleitertrommel weggenommen. Danach wird der Resttoner rausgesaugt. Die entnommenen Teile kommen ins Recycling und werden f\u00fcr <span style=\"color: #638906;\">neue Produkte<\/span> zur Herstellung benutzt.[\/vc_column_text][\/vc_tta_section][\/vc_tta_accordion][\/vc_column][\/vc_row][vc_row][vc_column][vc_column_text][\/vc_column_text][\/vc_column][\/vc_row]<\/p>\n<\/div>","protected":false},"excerpt":{"rendered":"<p>[vc_row][vc_column][vc_column_text][\/vc_column_text][\/vc_column][\/vc_row][vc_row][vc_column][vc_custom_heading text=&#8220;Umweltschutz f\u00e4ngt klein an&#8220; use_theme_fonts=&#8220;yes&#8220; css=&#8220;.vc_custom_1563349247798{margin-bottom: 0px !important;}&#8220; el_class=&#8220;title-h1&#8243;][vc_custom_heading text=&#8220;Sammeln macht Spa\u00df und spart wichtige Rohstoffe&#8220; font_container=&#8220;tag:p|text_align:left&#8220; use_theme_fonts=&#8220;yes&#8220; el_class=&#8220;title-h4&#8243;][\/vc_column][\/vc_row][vc_row][vc_column&#8230;<\/p>\n","protected":false},"author":1,"featured_media":0,"parent":29158,"menu_order":0,"comment_status":"closed","ping_status":"closed","template":"","meta":{"footnotes":""},"class_list":["post-28854","page","type-page","status-publish"],"yoast_head":"<!-- This site is optimized with the Yoast SEO plugin v26.7 - https:\/\/yoast.com\/wordpress\/plugins\/seo\/ -->\n<title>Schulen sorgen f\u00fcr den Umweltschutz - Sammelbox f\u00fcr Schulen<\/title>\n<meta name=\"description\" content=\"Machen Sie in Ihren Schulen aufmerksam auf den Umweltschutz und sammeln Sie mit Ihren Sch\u00fclern leere Patronen f\u00fcr die aufgestellte Recyclingbox.\" \/>\n<meta name=\"robots\" content=\"index, follow, max-snippet:-1, max-image-preview:large, max-video-preview:-1\" \/>\n<link rel=\"canonical\" href=\"https:\/\/www.umweltbox.com\/at\/sammelpartner-werden\/fuer-schulen\/\" \/>\n<meta property=\"og:locale\" content=\"de_DE\" \/>\n<meta property=\"og:type\" content=\"article\" \/>\n<meta property=\"og:title\" content=\"Schulen sorgen f\u00fcr den Umweltschutz - Sammelbox f\u00fcr Schulen\" \/>\n<meta property=\"og:description\" content=\"Machen Sie in Ihren Schulen aufmerksam auf den Umweltschutz und sammeln Sie mit Ihren Sch\u00fclern leere Patronen f\u00fcr die aufgestellte Recyclingbox.\" \/>\n<meta property=\"og:url\" content=\"https:\/\/www.umweltbox.com\/at\/sammelpartner-werden\/fuer-schulen\/\" \/>\n<meta property=\"og:site_name\" content=\"Umweltbox\" \/>\n<meta property=\"article:publisher\" content=\"https:\/\/www.facebook.com\/umweltbox.de\/\" \/>\n<meta property=\"article:modified_time\" content=\"2025-09-10T06:36:05+00:00\" \/>\n<meta name=\"twitter:card\" content=\"summary_large_image\" \/>\n<meta name=\"twitter:label1\" content=\"Gesch\u00e4tzte Lesezeit\" \/>\n\t<meta name=\"twitter:data1\" content=\"4\u00a0Minuten\" \/>\n<script type=\"application\/ld+json\" class=\"yoast-schema-graph\">{\"@context\":\"https:\/\/schema.org\",\"@graph\":[{\"@type\":\"WebPage\",\"@id\":\"https:\/\/www.umweltbox.com\/at\/sammelpartner-werden\/fuer-schulen\/\",\"url\":\"https:\/\/www.umweltbox.com\/at\/sammelpartner-werden\/fuer-schulen\/\",\"name\":\"Schulen sorgen f\u00fcr den Umweltschutz - Sammelbox f\u00fcr Schulen\",\"isPartOf\":{\"@id\":\"https:\/\/www.umweltbox.com\/at\/#website\"},\"datePublished\":\"2019-06-28T09:28:18+00:00\",\"dateModified\":\"2025-09-10T06:36:05+00:00\",\"description\":\"Machen Sie in Ihren Schulen aufmerksam auf den Umweltschutz und sammeln Sie mit Ihren Sch\u00fclern leere Patronen f\u00fcr die aufgestellte Recyclingbox.\",\"breadcrumb\":{\"@id\":\"https:\/\/www.umweltbox.com\/at\/sammelpartner-werden\/fuer-schulen\/#breadcrumb\"},\"inLanguage\":\"de\",\"potentialAction\":[{\"@type\":\"ReadAction\",\"target\":[[\"https:\/\/www.umweltbox.com\/at\/sammelpartner-werden\/fuer-schulen\/\"]]}]},{\"@type\":\"BreadcrumbList\",\"@id\":\"https:\/\/www.umweltbox.com\/at\/sammelpartner-werden\/fuer-schulen\/#breadcrumb\",\"itemListElement\":[{\"@type\":\"ListItem\",\"position\":1,\"name\":\"Startseite\",\"item\":\"https:\/\/www.umweltbox.com\/at\/\"},{\"@type\":\"ListItem\",\"position\":2,\"name\":\"Sammelpartner werden\",\"item\":\"https:\/\/www.umweltbox.com\/at\/sammelpartner-werden\/\"},{\"@type\":\"ListItem\",\"position\":3,\"name\":\"Umweltbox f\u00fcr Schulen\"}]},{\"@type\":\"WebSite\",\"@id\":\"https:\/\/www.umweltbox.com\/at\/#website\",\"url\":\"https:\/\/www.umweltbox.com\/at\/\",\"name\":\"Umweltbox\",\"description\":\"Druckerpatronen sammeln, recyclen und die Umwelt entlasten\",\"publisher\":{\"@id\":\"https:\/\/www.umweltbox.com\/at\/#organization\"},\"potentialAction\":[{\"@type\":\"SearchAction\",\"target\":{\"@type\":\"EntryPoint\",\"urlTemplate\":\"https:\/\/www.umweltbox.com\/at\/?s={search_term_string}\"},\"query-input\":{\"@type\":\"PropertyValueSpecification\",\"valueRequired\":true,\"valueName\":\"search_term_string\"}}],\"inLanguage\":\"de\"},{\"@type\":\"Organization\",\"@id\":\"https:\/\/www.umweltbox.com\/at\/#organization\",\"name\":\"Denner GmbH\",\"url\":\"https:\/\/www.umweltbox.com\/at\/\",\"logo\":{\"@type\":\"ImageObject\",\"inLanguage\":\"de\",\"@id\":\"https:\/\/www.umweltbox.com\/at\/#\/schema\/logo\/image\/\",\"url\":\"https:\/\/www.umweltbox.com\/wp-content\/uploads\/2019\/06\/logo_umweltbox_3x.png\",\"contentUrl\":\"https:\/\/www.umweltbox.com\/wp-content\/uploads\/2019\/06\/logo_umweltbox_3x.png\",\"width\":507,\"height\":180,\"caption\":\"Denner GmbH\"},\"image\":{\"@id\":\"https:\/\/www.umweltbox.com\/at\/#\/schema\/logo\/image\/\"},\"sameAs\":[\"https:\/\/www.facebook.com\/umweltbox.de\/\",\"https:\/\/www.instagram.com\/umweltbox\/\"]}]}<\/script>\n<!-- \/ Yoast SEO plugin. -->","yoast_head_json":{"title":"Schulen sorgen f\u00fcr den Umweltschutz - Sammelbox f\u00fcr Schulen","description":"Machen Sie in Ihren Schulen aufmerksam auf den Umweltschutz und sammeln Sie mit Ihren Sch\u00fclern leere Patronen f\u00fcr die aufgestellte Recyclingbox.","robots":{"index":"index","follow":"follow","max-snippet":"max-snippet:-1","max-image-preview":"max-image-preview:large","max-video-preview":"max-video-preview:-1"},"canonical":"https:\/\/www.umweltbox.com\/at\/sammelpartner-werden\/fuer-schulen\/","og_locale":"de_DE","og_type":"article","og_title":"Schulen sorgen f\u00fcr den Umweltschutz - Sammelbox f\u00fcr Schulen","og_description":"Machen Sie in Ihren Schulen aufmerksam auf den Umweltschutz und sammeln Sie mit Ihren Sch\u00fclern leere Patronen f\u00fcr die aufgestellte Recyclingbox.","og_url":"https:\/\/www.umweltbox.com\/at\/sammelpartner-werden\/fuer-schulen\/","og_site_name":"Umweltbox","article_publisher":"https:\/\/www.facebook.com\/umweltbox.de\/","article_modified_time":"2025-09-10T06:36:05+00:00","twitter_card":"summary_large_image","twitter_misc":{"Gesch\u00e4tzte Lesezeit":"4\u00a0Minuten"},"schema":{"@context":"https:\/\/schema.org","@graph":[{"@type":"WebPage","@id":"https:\/\/www.umweltbox.com\/at\/sammelpartner-werden\/fuer-schulen\/","url":"https:\/\/www.umweltbox.com\/at\/sammelpartner-werden\/fuer-schulen\/","name":"Schulen sorgen f\u00fcr den Umweltschutz - Sammelbox f\u00fcr Schulen","isPartOf":{"@id":"https:\/\/www.umweltbox.com\/at\/#website"},"datePublished":"2019-06-28T09:28:18+00:00","dateModified":"2025-09-10T06:36:05+00:00","description":"Machen Sie in Ihren Schulen aufmerksam auf den Umweltschutz und sammeln Sie mit Ihren Sch\u00fclern leere Patronen f\u00fcr die aufgestellte Recyclingbox.","breadcrumb":{"@id":"https:\/\/www.umweltbox.com\/at\/sammelpartner-werden\/fuer-schulen\/#breadcrumb"},"inLanguage":"de","potentialAction":[{"@type":"ReadAction","target":[["https:\/\/www.umweltbox.com\/at\/sammelpartner-werden\/fuer-schulen\/"]]}]},{"@type":"BreadcrumbList","@id":"https:\/\/www.umweltbox.com\/at\/sammelpartner-werden\/fuer-schulen\/#breadcrumb","itemListElement":[{"@type":"ListItem","position":1,"name":"Startseite","item":"https:\/\/www.umweltbox.com\/at\/"},{"@type":"ListItem","position":2,"name":"Sammelpartner werden","item":"https:\/\/www.umweltbox.com\/at\/sammelpartner-werden\/"},{"@type":"ListItem","position":3,"name":"Umweltbox f\u00fcr Schulen"}]},{"@type":"WebSite","@id":"https:\/\/www.umweltbox.com\/at\/#website","url":"https:\/\/www.umweltbox.com\/at\/","name":"Umweltbox","description":"Druckerpatronen sammeln, recyclen und die Umwelt entlasten","publisher":{"@id":"https:\/\/www.umweltbox.com\/at\/#organization"},"potentialAction":[{"@type":"SearchAction","target":{"@type":"EntryPoint","urlTemplate":"https:\/\/www.umweltbox.com\/at\/?s={search_term_string}"},"query-input":{"@type":"PropertyValueSpecification","valueRequired":true,"valueName":"search_term_string"}}],"inLanguage":"de"},{"@type":"Organization","@id":"https:\/\/www.umweltbox.com\/at\/#organization","name":"Denner GmbH","url":"https:\/\/www.umweltbox.com\/at\/","logo":{"@type":"ImageObject","inLanguage":"de","@id":"https:\/\/www.umweltbox.com\/at\/#\/schema\/logo\/image\/","url":"https:\/\/www.umweltbox.com\/wp-content\/uploads\/2019\/06\/logo_umweltbox_3x.png","contentUrl":"https:\/\/www.umweltbox.com\/wp-content\/uploads\/2019\/06\/logo_umweltbox_3x.png","width":507,"height":180,"caption":"Denner GmbH"},"image":{"@id":"https:\/\/www.umweltbox.com\/at\/#\/schema\/logo\/image\/"},"sameAs":["https:\/\/www.facebook.com\/umweltbox.de\/","https:\/\/www.instagram.com\/umweltbox\/"]}]}},"_links":{"self":[{"href":"https:\/\/www.umweltbox.com\/at\/wp-json\/wp\/v2\/pages\/28854","targetHints":{"allow":["GET"]}}],"collection":[{"href":"https:\/\/www.umweltbox.com\/at\/wp-json\/wp\/v2\/pages"}],"about":[{"href":"https:\/\/www.umweltbox.com\/at\/wp-json\/wp\/v2\/types\/page"}],"author":[{"embeddable":true,"href":"https:\/\/www.umweltbox.com\/at\/wp-json\/wp\/v2\/users\/1"}],"replies":[{"embeddable":true,"href":"https:\/\/www.umweltbox.com\/at\/wp-json\/wp\/v2\/comments?post=28854"}],"version-history":[{"count":55,"href":"https:\/\/www.umweltbox.com\/at\/wp-json\/wp\/v2\/pages\/28854\/revisions"}],"predecessor-version":[{"id":30755,"href":"https:\/\/www.umweltbox.com\/at\/wp-json\/wp\/v2\/pages\/28854\/revisions\/30755"}],"up":[{"embeddable":true,"href":"https:\/\/www.umweltbox.com\/at\/wp-json\/wp\/v2\/pages\/29158"}],"wp:attachment":[{"href":"https:\/\/www.umweltbox.com\/at\/wp-json\/wp\/v2\/media?parent=28854"}],"curies":[{"name":"wp","href":"https:\/\/api.w.org\/{rel}","templated":true}]}}